{"id":173,"date":"2020-03-17T14:48:54","date_gmt":"2020-03-17T14:48:54","guid":{"rendered":"http:\/\/evolutionhypnose.com\/wordpress\/?page_id=173"},"modified":"2026-03-25T15:29:53","modified_gmt":"2026-03-25T15:29:53","slug":"therapies","status":"publish","type":"page","link":"http:\/\/evolutionhypnose.com\/wordpress\/?page_id=173","title":{"rendered":"Th\u00e9rapies"},"content":{"rendered":"\n<p>Evolution Hypnose&nbsp;vous propose<\/p>\n\n\n\n<p>&#8211; <span class=\"has-inline-color has-vivid-cyan-blue-color\">de l&#8217;Hypnose<\/span><\/p>\n\n\n\n<p>&#8211;&nbsp;<a href=\"http:\/\/evolutionhypnose.com\/pnl.html\"><span class=\"has-inline-color has-vivid-cyan-blue-color\">de la PNL : Programmation Neuro-Linguistique<\/span><\/a><\/p>\n\n\n\n<p>&#8211;<span class=\"has-inline-color has-vivid-cyan-blue-color\">&nbsp;<a href=\"http:\/\/evolutionhypnose.com\/emdr.html\">de l<\/a>a stimulation bilat\u00e9rale (comme l&#8217;EMDR)<\/span><\/p>\n\n\n\n<p>&#8211; <span class=\"has-inline-color has-vivid-cyan-blue-color\">du r\u00eave \u00e9veill\u00e9<\/span><\/p>\n\n\n\n<p class=\"has-text-align-center has-white-color has-vivid-cyan-blue-background-color has-text-color has-background has-link-color has-large-font-size wp-elements-5ab944922078714d492c86d135f42448\"><strong><a href=\"https:\/\/evolutionhypnose.com\/wordpress\/?page_id=82\" data-type=\"link\" data-id=\"https:\/\/evolutionhypnose.com\/wordpress\/?page_id=82\">Prenez rendez-vous<\/a><\/strong><\/p>\n","protected":false},"excerpt":{"rendered":"<p>Evolution Hypnose&nbsp;vous propose &#8211; de l&#8217;Hypnose &#8211;&nbsp;de la PNL : Programmation Neuro-Linguistique &#8211;&nbsp;de la stimulation bilat\u00e9rale (comme l&#8217;EMDR) &#8211; du r\u00eave \u00e9veill\u00e9 Prenez rendez-vous<\/p>\n","protected":false},"author":2,"featured_media":0,"parent":0,"menu_order":0,"comment_status":"closed","ping_status":"closed","template":"","meta":{"footnotes":""},"class_list":["post-173","page","type-page","status-publish","hentry"],"_links":{"self":[{"href":"http:\/\/evolutionhypnose.com\/wordpress\/index.php?rest_route=\/wp\/v2\/pages\/173","targetHints":{"allow":["GET"]}}],"collection":[{"href":"http:\/\/evolutionhypnose.com\/wordpress\/index.php?rest_route=\/wp\/v2\/pages"}],"about":[{"href":"http:\/\/evolutionhypnose.com\/wordpress\/index.php?rest_route=\/wp\/v2\/types\/page"}],"author":[{"embeddable":true,"href":"http:\/\/evolutionhypnose.com\/wordpress\/index.php?rest_route=\/wp\/v2\/users\/2"}],"replies":[{"embeddable":true,"href":"http:\/\/evolutionhypnose.com\/wordpress\/index.php?rest_route=%2Fwp%2Fv2%2Fcomments&post=173"}],"version-history":[{"count":3,"href":"http:\/\/evolutionhypnose.com\/wordpress\/index.php?rest_route=\/wp\/v2\/pages\/173\/revisions"}],"predecessor-version":[{"id":475,"href":"http:\/\/evolutionhypnose.com\/wordpress\/index.php?rest_route=\/wp\/v2\/pages\/173\/revisions\/475"}],"wp:attachment":[{"href":"http:\/\/evolutionhypnose.com\/wordpress\/index.php?rest_route=%2Fwp%2Fv2%2Fmedia&parent=173"}],"curies":[{"name":"wp","href":"https:\/\/api.w.org\/{rel}","templated":true}]}}