{"id":2,"date":"2020-03-16T15:10:00","date_gmt":"2020-03-16T15:10:00","guid":{"rendered":"http:\/\/evolutionhypnose.com\/wordpress\/?page_id=2"},"modified":"2026-03-25T15:08:27","modified_gmt":"2026-03-25T15:08:27","slug":"sample-page","status":"publish","type":"page","link":"http:\/\/evolutionhypnose.com\/wordpress\/","title":{"rendered":"Bienvenue \u00e0 Evolution Hypnose !"},"content":{"rendered":"\n<p class=\"has-text-align-right has-small-font-size\"><em>&#8216;Il n&#8217;existe rien de constant si ce n&#8217;est le&nbsp;changement.&#8217;<\/em><br><em>Bouddha<\/em><\/p>\n\n\n\n<p><\/p>\n\n\n\n<p><\/p>\n\n\n\n<div class=\"wp-block-media-text alignwide has-media-on-the-right\" style=\"grid-template-columns:auto 24%\"><div class=\"wp-block-media-text__content\">\n<p class=\"has-medium-font-size\">Avant une exp\u00e9rience d&#8217;\u00e9tat hypnotique, on se demande souvent :<\/p>\n\n\n\n<h2 class=\"wp-block-heading\"><strong>C&#8217;est quoi exactement l&#8217;hypnose&nbsp;?<\/strong><\/h2>\n\n\n\n<p><!--EndFragment--><\/p>\n<\/div><figure class=\"wp-block-media-text__media\"><img decoding=\"async\" src=\"http:\/\/evolutionhypnose.com\/images\/brain-cogs257x356.png?crc=405734915\" alt=\"Le cerveau | Evolution Hypnose\"\/><\/figure><\/div>\n\n\n\n<p class=\"has-medium-font-size\">La r\u00e9ponse courante est :&nbsp;<strong>un \u00e9tat modifi\u00e9 de conscience<\/strong>&#8230; Un peu comme lors d&#8217;une r\u00eaverie ou d&#8217;un trajet en voiture o\u00f9 l&#8217;on oublie tout de la route que l&#8217;on a emprunt\u00e9e.<\/p>\n\n\n\n<p class=\"has-medium-font-size\">En r\u00e9alit\u00e9, il est compliqu\u00e9 de vraiment comprendre l&#8217;\u00e9tat hypnotique sans l&#8217;avoir v\u00e9cu : le corps est au repos, comme pendant le sommeil et le cerveau est en plein travail, comme lorsque l&#8217;on est concentr\u00e9&#8230;<\/p>\n\n\n\n<p class=\"has-medium-font-size\">Et c&#8217;est l\u00e0 le v\u00e9ritable secret de l&#8217;hypnoth\u00e9rapie :&nbsp;<strong>c&#8217;est VOTRE cerveau qui travaille, qui trouve les solutions qui vous sont adapt\u00e9es<\/strong>&nbsp;!<\/p>\n\n\n\n<p class=\"has-medium-font-size\"><strong>Le magicien, c&#8217;est vous, et vous serez \u00e9tonn\u00e9 de voir tout ce que vous pouvez accomplir&nbsp;!<\/strong><\/p>\n\n\n\n<div class=\"wp-block-media-text alignwide\" style=\"grid-template-columns:34% auto\"><figure class=\"wp-block-media-text__media\"><img loading=\"lazy\" decoding=\"async\" width=\"768\" height=\"1024\" src=\"http:\/\/evolutionhypnose.com\/wordpress\/wp-content\/uploads\/2020\/05\/S\u00e9verine-Dixon-1-768x1024.jpg\" alt=\"\" class=\"wp-image-322 size-full\" srcset=\"http:\/\/evolutionhypnose.com\/wordpress\/wp-content\/uploads\/2020\/05\/S\u00e9verine-Dixon-1-768x1024.jpg 768w, http:\/\/evolutionhypnose.com\/wordpress\/wp-content\/uploads\/2020\/05\/S\u00e9verine-Dixon-1-225x300.jpg 225w, http:\/\/evolutionhypnose.com\/wordpress\/wp-content\/uploads\/2020\/05\/S\u00e9verine-Dixon-1-1152x1536.jpg 1152w, http:\/\/evolutionhypnose.com\/wordpress\/wp-content\/uploads\/2020\/05\/S\u00e9verine-Dixon-1-1536x2048.jpg 1536w, http:\/\/evolutionhypnose.com\/wordpress\/wp-content\/uploads\/2020\/05\/S\u00e9verine-Dixon-1-scaled.jpg 1920w\" sizes=\"auto, (max-width: 768px) 100vw, 768px\" \/><\/figure><div class=\"wp-block-media-text__content\">\n<p class=\"has-medium-font-size\">Je m&#8217;appelle S\u00e9verine Dixon.<\/p>\n\n\n\n<p class=\"has-medium-font-size\">Th\u00e9rapeute depuis <strong>2015<\/strong>, je vous accueille dans mon cabinet \u00e0&nbsp;<strong>Arvillard<\/strong>, entre la Savoie et l&#8217;Is\u00e8re, au croisement entre Grenoble, Chamb\u00e9ry et Albertville.<\/p>\n\n\n\n<p class=\"has-medium-font-size\">Je vous accompagne (selon la demande et les besoins) en :<\/p>\n\n\n\n<ul class=\"wp-block-list has-medium-font-size\">\n<li><strong>Hypnose<\/strong> (principalement Ericksonienne)<\/li>\n\n\n\n<li><strong>Th\u00e9rapie par stimulation altern\u00e9e<\/strong> (similaire \u00e0 l&#8217;EMDR),<\/li>\n\n\n\n<li><strong>PNL<\/strong>,<\/li>\n\n\n\n<li><strong>R\u00eave \u00e9veill\u00e9<\/strong>&#8230;<\/li>\n<\/ul>\n<\/div><\/div>\n\n\n\n<p><\/p>\n\n\n\n<p class=\"has-medium-font-size\">Mari\u00e9e et m\u00e8re de 2 gar\u00e7ons, je suis passionn\u00e9e par l&#8217;hypnose et les \u00e9tats modifi\u00e9s de conscience.<\/p>\n\n\n\n<p class=\"has-medium-font-size\">Mon entourage plus ou moins proche s&#8217;est toujours confi\u00e9 \u00e0 moi tr\u00e8s facilement et, ne sachant pas toujours comment les aider au mieux, je me suis int\u00e9ress\u00e9e d&#8217;abord \u00e0 la psychologie, puis la PNL et la d\u00e9couverte de l&#8217;hypnose a \u00e9t\u00e9 pour moi une r\u00e9v\u00e9lation&nbsp;!<\/p>\n\n\n\n<p class=\"has-medium-font-size\">En effet, j&#8217;ai d\u00e9couvert que les r\u00e9ponses se trouvent d\u00e9j\u00e0 \u00e0 l&#8217;int\u00e9rieur de nous et je sais maintenant que la meilleure fa\u00e7on d&#8217;aider les personnes qui viennent me voir est de les guider pour qu&#8217;elles puissent trouver elles-m\u00eames leur solution et transformer leur vie.<\/p>\n\n\n\n<p class=\"has-medium-font-size\">A quelle vitesse \u00eates-vous pr\u00eat \u00e0 changer&nbsp;?<\/p>\n\n\n\n<p class=\"has-medium-font-size\"><strong>Vous souhaitez reprendre le contr\u00f4le de votre vie&nbsp;?<\/strong>&nbsp;Changer&nbsp;?<\/p>\n\n\n\n<p class=\"has-medium-font-size\">Vouloir changer en se for\u00e7ant, en essayant d&#8217;aller \u00e0 contre-courant de nos habitudes n&#8217;est pas ais\u00e9.<\/p>\n\n\n\n<p class=\"has-medium-font-size\">L&#8217;hypnose est un outil pr\u00e9cieux et puissant pour vous aider \u00e0 suivre le chemin que vous avez choisi, ou \u00e0 atteindre un but que vous vous \u00eates fix\u00e9.<\/p>\n\n\n\n<p class=\"has-medium-font-size\">En \u00e9tablissant une communication entre conscient et inconscient, le changement intervient naturellement. Et je serai enchant\u00e9e de vous accompagner dans votre \u00e9volution&nbsp;!<\/p>\n\n\n\n<p class=\"has-medium-font-size\">En \u00e9coutant votre demande et ce que vous me confiez, je vous aide \u00e0&nbsp;<strong>trouver VOTRE solution<\/strong>, celle qui est bonne pour vous, qui vous correspond et que vous aurez choisi.<\/p>\n\n\n\n<p class=\"has-medium-font-size\">Tout ce qui est dit lors de la s\u00e9ance reste strictement confidentiel.<\/p>\n\n\n\n<p class=\"has-medium-font-size\">Si vous avez une question ou que vous souhaitez un \u00e9claircissement sur ce qu&#8217;est ou n&#8217;est pas l&#8217;hypnose, contactez-moi, je serai ravie de vous en dire plus&nbsp;!<\/p>\n\n\n\n<p class=\"has-text-align-right has-small-font-size\">&#8216;<em>Le secret du changement c&#8217;est de concentrer toute son \u00e9nergie non pas \u00e0 lutter contre le pass\u00e9,<\/em> <em>mais \u00e0 construire<\/em> l&#8217;avenir&#8217;<br><em>Socrate<\/em><\/p>\n\n\n\n<p class=\"has-text-align-center has-white-color has-vivid-cyan-blue-background-color has-text-color has-background has-link-color has-large-font-size wp-elements-5ab944922078714d492c86d135f42448\"><strong><a href=\"https:\/\/evolutionhypnose.com\/wordpress\/?page_id=82\" data-type=\"link\" data-id=\"https:\/\/evolutionhypnose.com\/wordpress\/?page_id=82\">Prenez rendez-vous<\/a><\/strong><\/p>\n\n\n\n<p><\/p>\n","protected":false},"excerpt":{"rendered":"<p>&#8216;Il n&#8217;existe rien de constant si ce n&#8217;est le&nbsp;changement.&#8217;Bouddha Avant une exp\u00e9rience d&#8217;\u00e9tat hypnotique, on se demande souvent : C&#8217;est quoi exactement l&#8217;hypnose&nbsp;? La r\u00e9ponse courante est :&nbsp;un \u00e9tat modifi\u00e9&#8230;<\/p>\n","protected":false},"author":2,"featured_media":0,"parent":0,"menu_order":0,"comment_status":"closed","ping_status":"open","template":"","meta":{"footnotes":""},"class_list":["post-2","page","type-page","status-publish","hentry"],"_links":{"self":[{"href":"http:\/\/evolutionhypnose.com\/wordpress\/index.php?rest_route=\/wp\/v2\/pages\/2","targetHints":{"allow":["GET"]}}],"collection":[{"href":"http:\/\/evolutionhypnose.com\/wordpress\/index.php?rest_route=\/wp\/v2\/pages"}],"about":[{"href":"http:\/\/evolutionhypnose.com\/wordpress\/index.php?rest_route=\/wp\/v2\/types\/page"}],"author":[{"embeddable":true,"href":"http:\/\/evolutionhypnose.com\/wordpress\/index.php?rest_route=\/wp\/v2\/users\/2"}],"replies":[{"embeddable":true,"href":"http:\/\/evolutionhypnose.com\/wordpress\/index.php?rest_route=%2Fwp%2Fv2%2Fcomments&post=2"}],"version-history":[{"count":29,"href":"http:\/\/evolutionhypnose.com\/wordpress\/index.php?rest_route=\/wp\/v2\/pages\/2\/revisions"}],"predecessor-version":[{"id":441,"href":"http:\/\/evolutionhypnose.com\/wordpress\/index.php?rest_route=\/wp\/v2\/pages\/2\/revisions\/441"}],"wp:attachment":[{"href":"http:\/\/evolutionhypnose.com\/wordpress\/index.php?rest_route=%2Fwp%2Fv2%2Fmedia&parent=2"}],"curies":[{"name":"wp","href":"https:\/\/api.w.org\/{rel}","templated":true}]}}