{"id":228,"date":"2020-03-18T16:20:34","date_gmt":"2020-03-18T16:20:34","guid":{"rendered":"http:\/\/evolutionhypnose.com\/wordpress\/?page_id=228"},"modified":"2026-03-25T15:28:58","modified_gmt":"2026-03-25T15:28:58","slug":"seance-a-distance","status":"publish","type":"page","link":"http:\/\/evolutionhypnose.com\/wordpress\/?page_id=228","title":{"rendered":"S\u00e9ance \u00e0 distance"},"content":{"rendered":"\n<p class=\"has-medium-font-size\">Pour des raisons de confinement \u00e9videntes actuellement, mais aussi en temps habituel pour d&#8217;autres raisons, je vous propose des s\u00e9ances \u00e0 distance.<\/p>\n\n\n\n<p class=\"has-medium-font-size\">En effet, vous \u00eates en s\u00e9curit\u00e9 chez vous, bien install\u00e9 dans un endroit que vous connaissez et vous n&#8217;avez pas de trajet \u00e0 effectuer. De plus, apr\u00e8s la s\u00e9ance, vous pouvez tranquillement vous reposer et m\u00eame continuer le travail.<\/p>\n\n\n\n<p class=\"has-text-align-center has-white-color has-vivid-cyan-blue-background-color has-text-color has-background has-link-color has-large-font-size wp-elements-5ab944922078714d492c86d135f42448\"><strong><a href=\"https:\/\/evolutionhypnose.com\/wordpress\/?page_id=82\" data-type=\"link\" data-id=\"https:\/\/evolutionhypnose.com\/wordpress\/?page_id=82\">Prenez rendez-vous<\/a><\/strong><\/p>\n\n\n\n<p class=\"has-large-font-size\"><strong>Si nous avons programm\u00e9 une s\u00e9ance \u00e0 distance, voici ce que vous devez savoir :<\/strong><\/p>\n\n\n\n<p class=\"has-medium-font-size\">* Nous aurons fix\u00e9 au pr\u00e9alable l&#8217;application \u00e0 utiliser. WhatsApp, sur votre t\u00e9l\u00e9phone. Messenger et Skype sur tablette, t\u00e9l\u00e9phone ou ordinateur. Mon adresse sur Skype est s.dixon@evolutionhypnose.com.<\/p>\n\n\n\n<p class=\"has-medium-font-size\">* Pr\u00e9parez-vous avant le d\u00e9but de la s\u00e9ance :<\/p>\n\n\n\n<p class=\"has-medium-font-size\">Choisissez un endroit confortable en vous installant, tout en vous rappelant que l&#8217;hypnose n&#8217;est pas du sommeil et que la s\u00e9ance sera un travail int\u00e9rieur<\/p>\n\n\n\n<p class=\"has-medium-font-size\">V\u00e9rifier votre cadrage : je dois pouvoir voir votre visage et le haut de votre corps, jusqu&#8217;\u00e0 vos mains. Attention \u00e0 ne pas \u00eatre en contre-jour<\/p>\n\n\n\n<p class=\"has-medium-font-size\">Pr\u00e9f\u00e9rez un casque avec micro si possible <\/p>\n\n\n\n<p class=\"has-medium-font-size\">Gardez votre t\u00e9l\u00e9phone \u00e0 port\u00e9e de main, mais sur silencieux (si vous l&#8217;utilisez pour la s\u00e9ance, gardez le wifi allum\u00e9 mais le reste en mode avion). D\u00e9branchez les autres appareils suceptibles de faire du bruit et si possible, laisser vos animaux de compagnie hors de la pi\u00e8ce<\/p>\n\n\n\n<p class=\"has-medium-font-size\">Sachez que si nous devons faire une pause, que quelqu&#8217;un arrive ou que la connexion se termine sans pr\u00e9venir, nous pouvons reprendre o\u00f9 nous nous \u00e9tions arr\u00eat\u00e9s.<\/p>\n\n\n\n<p class=\"has-medium-font-size\">Pr\u00e9voyez de poser l&#8217;appareil que vous utilisez sur une surface ou un support que vous n&#8217;aurez pas \u00e0 tenir pendant la s\u00e9ance d&#8217;hypnose. Attention, un coussin emp\u00eache parfois de bien entendre car bloque l&#8217;entr\u00e9e ou la sortie du son (dans ce cas, vous pouvez toujours utiliser un casque)<\/p>\n\n\n\n<p class=\"has-medium-font-size\">Si vous avez d&#8217;autres interrogations, contactez-moi ou nous en parlerons en d\u00e9but de s\u00e9ance.<\/p>\n\n\n\n<p class=\"has-medium-font-size\">Le r\u00e8glement (70 \u20ac) se fait par virement bancaire (je vous envoie les coordonn\u00e9es par sms) ou par ch\u00e8que (je vous communiquerai mon adresse).<\/p>\n\n\n\n<p class=\"has-text-align-center has-white-color has-vivid-cyan-blue-background-color has-text-color has-background has-link-color has-large-font-size wp-elements-5ab944922078714d492c86d135f42448\"><strong><a href=\"https:\/\/evolutionhypnose.com\/wordpress\/?page_id=82\" data-type=\"link\" data-id=\"https:\/\/evolutionhypnose.com\/wordpress\/?page_id=82\">Prenez rendez-vous<\/a><\/strong><\/p>\n","protected":false},"excerpt":{"rendered":"<p>Pour des raisons de confinement \u00e9videntes actuellement, mais aussi en temps habituel pour d&#8217;autres raisons, je vous propose des s\u00e9ances \u00e0 distance. En effet, vous \u00eates en s\u00e9curit\u00e9 chez vous,&#8230;<\/p>\n","protected":false},"author":2,"featured_media":0,"parent":0,"menu_order":0,"comment_status":"closed","ping_status":"closed","template":"","meta":{"footnotes":""},"class_list":["post-228","page","type-page","status-publish","hentry"],"_links":{"self":[{"href":"http:\/\/evolutionhypnose.com\/wordpress\/index.php?rest_route=\/wp\/v2\/pages\/228","targetHints":{"allow":["GET"]}}],"collection":[{"href":"http:\/\/evolutionhypnose.com\/wordpress\/index.php?rest_route=\/wp\/v2\/pages"}],"about":[{"href":"http:\/\/evolutionhypnose.com\/wordpress\/index.php?rest_route=\/wp\/v2\/types\/page"}],"author":[{"embeddable":true,"href":"http:\/\/evolutionhypnose.com\/wordpress\/index.php?rest_route=\/wp\/v2\/users\/2"}],"replies":[{"embeddable":true,"href":"http:\/\/evolutionhypnose.com\/wordpress\/index.php?rest_route=%2Fwp%2Fv2%2Fcomments&post=228"}],"version-history":[{"count":10,"href":"http:\/\/evolutionhypnose.com\/wordpress\/index.php?rest_route=\/wp\/v2\/pages\/228\/revisions"}],"predecessor-version":[{"id":470,"href":"http:\/\/evolutionhypnose.com\/wordpress\/index.php?rest_route=\/wp\/v2\/pages\/228\/revisions\/470"}],"wp:attachment":[{"href":"http:\/\/evolutionhypnose.com\/wordpress\/index.php?rest_route=%2Fwp%2Fv2%2Fmedia&parent=228"}],"curies":[{"name":"wp","href":"https:\/\/api.w.org\/{rel}","templated":true}]}}