{"id":250,"date":"2020-03-24T13:12:39","date_gmt":"2020-03-24T13:12:39","guid":{"rendered":"http:\/\/evolutionhypnose.com\/wordpress\/?page_id=250"},"modified":"2026-03-25T15:19:50","modified_gmt":"2026-03-25T15:19:50","slug":"confiance-en-soi","status":"publish","type":"page","link":"http:\/\/evolutionhypnose.com\/wordpress\/?page_id=250","title":{"rendered":"Confiance en soi"},"content":{"rendered":"\n<p class=\"has-large-font-size\">Qu&#8217;est-ce que la confiance&nbsp;?<\/p>\n\n\n\n<p class=\"has-large-font-size\">Que repr\u00e9sente-t-elle pour vous&nbsp;?<\/p>\n\n\n\n<p class=\"has-medium-font-size\">Voici le genre de questions \u00e0 vous poser pour aller vers plus de confiance en vous.<\/p>\n\n\n\n<p class=\"has-medium-font-size\">Et votre solution passera par ce qui vous importe r\u00e9ellement&nbsp;: vous voir avec un \u0153il ext\u00e9rieur, devenir plus indulgent envers vous-m\u00eame, se couper de ce que les autres pensent de vous, se revaloriser, transformer notre regard sur des \u00e9v\u00e9nements pass\u00e9s&#8230;<\/p>\n\n\n\n<p class=\"has-medium-font-size\">Et dans ce changement, votre inconscient sera l\u00e0 pour vous aider, pour trouver les r\u00e9ponses et les solutions dont vous avez besoin&nbsp;!<\/p>\n\n\n\n<p class=\"has-text-align-center has-white-color has-vivid-cyan-blue-background-color has-text-color has-background has-link-color has-large-font-size wp-elements-5ab944922078714d492c86d135f42448\"><strong><a href=\"https:\/\/evolutionhypnose.com\/wordpress\/?page_id=82\" data-type=\"link\" data-id=\"https:\/\/evolutionhypnose.com\/wordpress\/?page_id=82\">Prenez rendez-vous<\/a><\/strong><\/p>\n","protected":false},"excerpt":{"rendered":"<p>Qu&#8217;est-ce que la confiance&nbsp;? Que repr\u00e9sente-t-elle pour vous&nbsp;? Voici le genre de questions \u00e0 vous poser pour aller vers plus de confiance en vous. Et votre solution passera par ce&#8230;<\/p>\n","protected":false},"author":2,"featured_media":0,"parent":0,"menu_order":0,"comment_status":"closed","ping_status":"closed","template":"","meta":{"footnotes":""},"class_list":["post-250","page","type-page","status-publish","hentry"],"_links":{"self":[{"href":"http:\/\/evolutionhypnose.com\/wordpress\/index.php?rest_route=\/wp\/v2\/pages\/250","targetHints":{"allow":["GET"]}}],"collection":[{"href":"http:\/\/evolutionhypnose.com\/wordpress\/index.php?rest_route=\/wp\/v2\/pages"}],"about":[{"href":"http:\/\/evolutionhypnose.com\/wordpress\/index.php?rest_route=\/wp\/v2\/types\/page"}],"author":[{"embeddable":true,"href":"http:\/\/evolutionhypnose.com\/wordpress\/index.php?rest_route=\/wp\/v2\/users\/2"}],"replies":[{"embeddable":true,"href":"http:\/\/evolutionhypnose.com\/wordpress\/index.php?rest_route=%2Fwp%2Fv2%2Fcomments&post=250"}],"version-history":[{"count":2,"href":"http:\/\/evolutionhypnose.com\/wordpress\/index.php?rest_route=\/wp\/v2\/pages\/250\/revisions"}],"predecessor-version":[{"id":450,"href":"http:\/\/evolutionhypnose.com\/wordpress\/index.php?rest_route=\/wp\/v2\/pages\/250\/revisions\/450"}],"wp:attachment":[{"href":"http:\/\/evolutionhypnose.com\/wordpress\/index.php?rest_route=%2Fwp%2Fv2%2Fmedia&parent=250"}],"curies":[{"name":"wp","href":"https:\/\/api.w.org\/{rel}","templated":true}]}}