{"id":70,"date":"2020-03-16T18:15:44","date_gmt":"2020-03-16T18:15:44","guid":{"rendered":"http:\/\/evolutionhypnose.com\/wordpress\/?page_id=70"},"modified":"2026-03-25T15:24:25","modified_gmt":"2026-03-25T15:24:25","slug":"hypnose-eriksonienne","status":"publish","type":"page","link":"http:\/\/evolutionhypnose.com\/wordpress\/?page_id=70","title":{"rendered":"Hypnose Eriksonienne"},"content":{"rendered":"<div class=\"wp-block-image\">\n<figure class=\"aligncenter is-resized\"><img decoding=\"async\" src=\"http:\/\/evolutionhypnose.com\/images\/milton-erickson-hypnose.jpg?crc=477963934\" alt=\"\" style=\"width:224px;height:306px\"\/><figcaption class=\"wp-element-caption\"> Milton Erikson <\/figcaption><\/figure>\n<\/div>\n\n\n<p class=\"has-medium-font-size\">L&#8217;hypnose \u00c9ricksonienne vient de Milton Erickson, un th\u00e9rapeute hors du commun du si\u00e8cle dernier (1901 \u00e0 1980).<\/p>\n\n\n\n<p class=\"has-medium-font-size\">Il a beaucoup aid\u00e9 au d\u00e9veloppement de l&#8217;hypnose th\u00e9rapeutique et ses m\u00e9thodes ont \u00e9t\u00e9 \u00e9tudi\u00e9es et m\u00eame th\u00e9oris\u00e9es.<\/p>\n\n\n\n<p class=\"has-medium-font-size\">En effet, c&#8217;est en observant Erickson et d&#8217;autres &#8216;super-communicateurs&#8217; que Bandler et Grinder ont mis au point les techniques de PNL (Programmation Neuro-Linguistique) qui permettent de modifier des comportements et qui sont aussi utilis\u00e9es en hypnose.<\/p>\n\n\n\n<p class=\"has-medium-font-size\">Milton Erickson utilisait un langage et des m\u00e9thodes de communication qui lui \u00e9taient propres (et instinctives) et qui ont r\u00e9volutionn\u00e9s non seulement la pratique de l&#8217;hypnose mais de la psychoth\u00e9rapie.<\/p>\n\n\n\n<p class=\"has-medium-font-size\">Il insistait pourtant sur le fait que le but n&#8217;\u00e9tait pas de le copier mais de trouver sa propre m\u00e9thode.<\/p>\n\n\n\n<p class=\"has-text-align-center has-white-color has-vivid-cyan-blue-background-color has-text-color has-background has-link-color has-large-font-size wp-elements-5ab944922078714d492c86d135f42448\"><strong><a href=\"https:\/\/evolutionhypnose.com\/wordpress\/?page_id=82\" data-type=\"link\" data-id=\"https:\/\/evolutionhypnose.com\/wordpress\/?page_id=82\">Prenez rendez-vous<\/a><\/strong><\/p>\n","protected":false},"excerpt":{"rendered":"<p>L&#8217;hypnose \u00c9ricksonienne vient de Milton Erickson, un th\u00e9rapeute hors du commun du si\u00e8cle dernier (1901 \u00e0 1980). Il a beaucoup aid\u00e9 au d\u00e9veloppement de l&#8217;hypnose th\u00e9rapeutique et ses m\u00e9thodes ont&#8230;<\/p>\n","protected":false},"author":2,"featured_media":0,"parent":0,"menu_order":0,"comment_status":"closed","ping_status":"closed","template":"","meta":{"footnotes":""},"class_list":["post-70","page","type-page","status-publish","hentry"],"_links":{"self":[{"href":"http:\/\/evolutionhypnose.com\/wordpress\/index.php?rest_route=\/wp\/v2\/pages\/70","targetHints":{"allow":["GET"]}}],"collection":[{"href":"http:\/\/evolutionhypnose.com\/wordpress\/index.php?rest_route=\/wp\/v2\/pages"}],"about":[{"href":"http:\/\/evolutionhypnose.com\/wordpress\/index.php?rest_route=\/wp\/v2\/types\/page"}],"author":[{"embeddable":true,"href":"http:\/\/evolutionhypnose.com\/wordpress\/index.php?rest_route=\/wp\/v2\/users\/2"}],"replies":[{"embeddable":true,"href":"http:\/\/evolutionhypnose.com\/wordpress\/index.php?rest_route=%2Fwp%2Fv2%2Fcomments&post=70"}],"version-history":[{"count":4,"href":"http:\/\/evolutionhypnose.com\/wordpress\/index.php?rest_route=\/wp\/v2\/pages\/70\/revisions"}],"predecessor-version":[{"id":461,"href":"http:\/\/evolutionhypnose.com\/wordpress\/index.php?rest_route=\/wp\/v2\/pages\/70\/revisions\/461"}],"wp:attachment":[{"href":"http:\/\/evolutionhypnose.com\/wordpress\/index.php?rest_route=%2Fwp%2Fv2%2Fmedia&parent=70"}],"curies":[{"name":"wp","href":"https:\/\/api.w.org\/{rel}","templated":true}]}}