{"id":245,"date":"2020-03-24T13:10:16","date_gmt":"2020-03-24T13:10:16","guid":{"rendered":"http:\/\/evolutionhypnose.com\/wordpress\/?page_id=245"},"modified":"2026-03-25T15:20:36","modified_gmt":"2026-03-25T15:20:36","slug":"hypnoanalgesie","status":"publish","type":"page","link":"https:\/\/evolutionhypnose.com\/wordpress\/?page_id=245","title":{"rendered":"Douleurs"},"content":{"rendered":"\n<p class=\"has-medium-font-size\">Diff\u00e9rentes m\u00e9thodes peuvent \u00eatre utilis\u00e9es pour les analg\u00e9sies et l&#8217;hypnose est de plus en plus utilis\u00e9e dans les h\u00f4pitaux.<\/p>\n\n\n\n<p class=\"has-medium-font-size\">Certains gestes courts sont faits en hypnose conversationnelle ou en introduisant un peu de confusion au moment du geste. La communication th\u00e9rapeutique se d\u00e9veloppe aussi de plus en plus, pour le plus grand b\u00e9n\u00e9fice des patients. En effet, les personnes hospitalis\u00e9es peuvent rapidement se retrouver en transe n\u00e9gative et toute suggestion inappropri\u00e9e du personnel m\u00e9dical peut avoir un impact important. Il est important que les personnes en contact avec les patients puissent reconna\u00eetre une personne en transe.<\/p>\n\n\n\n<p class=\"has-medium-font-size\">L&#8217;hypnoanalg\u00e9sie est aussi beaucoup utilis\u00e9e dans d&#8217;autres situations, chez le dentiste par exemple. Elle entre aussi dans les salons d&#8217;esth\u00e9tique, pour le maquillage permanent par exemple ou chez les tatoueurs.<\/p>\n\n\n\n<p class=\"has-medium-font-size\">Sans effet secondaire,&nbsp;n&#8217;h\u00e9sitez pas \u00e0 l&#8217;essayer&nbsp;!<\/p>\n\n\n\n<p class=\"has-text-align-center has-white-color has-vivid-cyan-blue-background-color has-text-color has-background has-link-color has-large-font-size wp-elements-5ab944922078714d492c86d135f42448\"><strong><a href=\"https:\/\/evolutionhypnose.com\/wordpress\/?page_id=82\" data-type=\"link\" data-id=\"https:\/\/evolutionhypnose.com\/wordpress\/?page_id=82\">Prenez rendez-vous<\/a><\/strong><\/p>\n","protected":false},"excerpt":{"rendered":"<p>Diff\u00e9rentes m\u00e9thodes peuvent \u00eatre utilis\u00e9es pour les analg\u00e9sies et l&#8217;hypnose est de plus en plus utilis\u00e9e dans les h\u00f4pitaux. Certains gestes courts sont faits en hypnose conversationnelle ou en introduisant&#8230;<\/p>\n","protected":false},"author":2,"featured_media":0,"parent":0,"menu_order":0,"comment_status":"closed","ping_status":"closed","template":"","meta":{"footnotes":""},"class_list":["post-245","page","type-page","status-publish","hentry"],"_links":{"self":[{"href":"https:\/\/evolutionhypnose.com\/wordpress\/index.php?rest_route=\/wp\/v2\/pages\/245","targetHints":{"allow":["GET"]}}],"collection":[{"href":"https:\/\/evolutionhypnose.com\/wordpress\/index.php?rest_route=\/wp\/v2\/pages"}],"about":[{"href":"https:\/\/evolutionhypnose.com\/wordpress\/index.php?rest_route=\/wp\/v2\/types\/page"}],"author":[{"embeddable":true,"href":"https:\/\/evolutionhypnose.com\/wordpress\/index.php?rest_route=\/wp\/v2\/users\/2"}],"replies":[{"embeddable":true,"href":"https:\/\/evolutionhypnose.com\/wordpress\/index.php?rest_route=%2Fwp%2Fv2%2Fcomments&post=245"}],"version-history":[{"count":4,"href":"https:\/\/evolutionhypnose.com\/wordpress\/index.php?rest_route=\/wp\/v2\/pages\/245\/revisions"}],"predecessor-version":[{"id":453,"href":"https:\/\/evolutionhypnose.com\/wordpress\/index.php?rest_route=\/wp\/v2\/pages\/245\/revisions\/453"}],"wp:attachment":[{"href":"https:\/\/evolutionhypnose.com\/wordpress\/index.php?rest_route=%2Fwp%2Fv2%2Fmedia&parent=245"}],"curies":[{"name":"wp","href":"https:\/\/api.w.org\/{rel}","templated":true}]}}