{"id":247,"date":"2020-03-24T13:11:14","date_gmt":"2020-03-24T13:11:14","guid":{"rendered":"http:\/\/evolutionhypnose.com\/wordpress\/?page_id=247"},"modified":"2026-03-25T15:23:19","modified_gmt":"2026-03-25T15:23:19","slug":"gestion-des-emotions","status":"publish","type":"page","link":"https:\/\/evolutionhypnose.com\/wordpress\/?page_id=247","title":{"rendered":"Gestion des \u00e9motions"},"content":{"rendered":"\n<div class=\"wp-block-media-text alignwide\" style=\"grid-template-columns:17% auto\"><figure class=\"wp-block-media-text__media\"><img loading=\"lazy\" decoding=\"async\" width=\"227\" height=\"600\" src=\"http:\/\/evolutionhypnose.com\/wordpress\/wp-content\/uploads\/2020\/03\/fiery-budha.png\" alt=\"\" class=\"wp-image-271 size-full\" srcset=\"https:\/\/evolutionhypnose.com\/wordpress\/wp-content\/uploads\/2020\/03\/fiery-budha.png 227w, https:\/\/evolutionhypnose.com\/wordpress\/wp-content\/uploads\/2020\/03\/fiery-budha-114x300.png 114w\" sizes=\"auto, (max-width: 227px) 100vw, 227px\" \/><\/figure><div class=\"wp-block-media-text__content\">\n<p class=\"has-large-font-size\"> Col\u00e8re, honte, sensibilit\u00e9&#8230; <\/p>\n<\/div><\/div>\n\n\n\n<p class=\"has-medium-font-size\">Ce sont des \u00e9motions humaines et n\u00e9cessaires.<\/p>\n\n\n\n<p class=\"has-medium-font-size\">Mais quand elles viennent entraver nos relations, qu&#8217;elles compliquent notre vie, alors il faut r\u00e9agir.<\/p>\n\n\n\n<p class=\"has-medium-font-size\">Gr\u00e2ce \u00e0 l&#8217;hypnose, vous pourrez d\u00e9cider d&#8217;un meilleur comportement \u00e0 adopter, \u00e0 vous adapter plus facilement aux situations. En prenant un autre point de vue, ce que permet l&#8217;hypnose, vous verrez de nouvelles possibilit\u00e9s s&#8217;ouvrir \u00e0 vous.<\/p>\n\n\n\n<p class=\"has-medium-font-size\">En attendant, voici quelques astuces contre le stress&#8230;<\/p>\n\n\n\n<figure class=\"wp-block-embed is-type-video is-provider-youtube wp-block-embed-youtube wp-embed-aspect-16-9 wp-has-aspect-ratio\"><div class=\"wp-block-embed__wrapper\">\n<iframe loading=\"lazy\" title=\"Astuces rapides contre le stress\" width=\"640\" height=\"360\" src=\"https:\/\/www.youtube.com\/embed\/0x5wAqwdTMA?feature=oembed\" frameborder=\"0\" allow=\"accelerometer; autoplay; clipboard-write; encrypted-media; gyroscope; picture-in-picture; web-share\" referrerpolicy=\"strict-origin-when-cross-origin\" allowfullscreen><\/iframe>\n<\/div><\/figure>\n\n\n\n<p class=\"has-text-align-center has-white-color has-vivid-cyan-blue-background-color has-text-color has-background has-link-color has-large-font-size wp-elements-5ab944922078714d492c86d135f42448\"><strong><a href=\"https:\/\/evolutionhypnose.com\/wordpress\/?page_id=82\" data-type=\"link\" data-id=\"https:\/\/evolutionhypnose.com\/wordpress\/?page_id=82\">Prenez rendez-vous<\/a><\/strong><\/p>\n","protected":false},"excerpt":{"rendered":"<p>Col\u00e8re, honte, sensibilit\u00e9&#8230; Ce sont des \u00e9motions humaines et n\u00e9cessaires. Mais quand elles viennent entraver nos relations, qu&#8217;elles compliquent notre vie, alors il faut r\u00e9agir. Gr\u00e2ce \u00e0 l&#8217;hypnose, vous pourrez&#8230;<\/p>\n","protected":false},"author":2,"featured_media":0,"parent":0,"menu_order":0,"comment_status":"closed","ping_status":"closed","template":"","meta":{"footnotes":""},"class_list":["post-247","page","type-page","status-publish","hentry"],"_links":{"self":[{"href":"https:\/\/evolutionhypnose.com\/wordpress\/index.php?rest_route=\/wp\/v2\/pages\/247","targetHints":{"allow":["GET"]}}],"collection":[{"href":"https:\/\/evolutionhypnose.com\/wordpress\/index.php?rest_route=\/wp\/v2\/pages"}],"about":[{"href":"https:\/\/evolutionhypnose.com\/wordpress\/index.php?rest_route=\/wp\/v2\/types\/page"}],"author":[{"embeddable":true,"href":"https:\/\/evolutionhypnose.com\/wordpress\/index.php?rest_route=\/wp\/v2\/users\/2"}],"replies":[{"embeddable":true,"href":"https:\/\/evolutionhypnose.com\/wordpress\/index.php?rest_route=%2Fwp%2Fv2%2Fcomments&post=247"}],"version-history":[{"count":4,"href":"https:\/\/evolutionhypnose.com\/wordpress\/index.php?rest_route=\/wp\/v2\/pages\/247\/revisions"}],"predecessor-version":[{"id":458,"href":"https:\/\/evolutionhypnose.com\/wordpress\/index.php?rest_route=\/wp\/v2\/pages\/247\/revisions\/458"}],"wp:attachment":[{"href":"https:\/\/evolutionhypnose.com\/wordpress\/index.php?rest_route=%2Fwp%2Fv2%2Fmedia&parent=247"}],"curies":[{"name":"wp","href":"https:\/\/api.w.org\/{rel}","templated":true}]}}