{"id":252,"date":"2020-03-24T13:14:06","date_gmt":"2020-03-24T13:14:06","guid":{"rendered":"http:\/\/evolutionhypnose.com\/wordpress\/?page_id=252"},"modified":"2026-03-25T15:25:39","modified_gmt":"2026-03-25T15:25:39","slug":"phobies-peurs","status":"publish","type":"page","link":"https:\/\/evolutionhypnose.com\/wordpress\/?page_id=252","title":{"rendered":"Phobies, peurs"},"content":{"rendered":"\n<p class=\"has-medium-font-size\">Le traitement des phobies, comme on a pu le voir en hypnose de spectacle, est en g\u00e9n\u00e9ral tr\u00e8s rapide.<\/p>\n\n\n\n<p class=\"has-medium-font-size\">En effet, par une reprogrammation de son comportement face \u00e0 la source de notre phobie, on a de nouveau le choix de r\u00e9agir autrement, d&#8217;une fa\u00e7on adapt\u00e9e en tenant compte du danger r\u00e9el, et non celui enregistr\u00e9 pr\u00e9c\u00e9demment et reproduit inconsciemment.<\/p>\n\n\n\n<p class=\"has-medium-font-size\">Bien s\u00fbr, parfois il y a aussi un \u00e9v\u00e9nement d\u00e9clencheur \u00e0 traiter aussi, ou il peut y avoir d&#8217;autres param\u00e8tres \u00e0 prendre en compte. Nous verrons cela au cours de la premi\u00e8re s\u00e9ance.<\/p>\n\n\n\n<p class=\"has-text-align-center has-white-color has-vivid-cyan-blue-background-color has-text-color has-background has-link-color has-large-font-size wp-elements-5ab944922078714d492c86d135f42448\"><strong><a href=\"https:\/\/evolutionhypnose.com\/wordpress\/?page_id=82\" data-type=\"link\" data-id=\"https:\/\/evolutionhypnose.com\/wordpress\/?page_id=82\">Prenez rendez-vous<\/a><\/strong><\/p>\n","protected":false},"excerpt":{"rendered":"<p>Le traitement des phobies, comme on a pu le voir en hypnose de spectacle, est en g\u00e9n\u00e9ral tr\u00e8s rapide. En effet, par une reprogrammation de son comportement face \u00e0 la&#8230;<\/p>\n","protected":false},"author":2,"featured_media":0,"parent":0,"menu_order":0,"comment_status":"closed","ping_status":"closed","template":"","meta":{"footnotes":""},"class_list":["post-252","page","type-page","status-publish","hentry"],"_links":{"self":[{"href":"https:\/\/evolutionhypnose.com\/wordpress\/index.php?rest_route=\/wp\/v2\/pages\/252","targetHints":{"allow":["GET"]}}],"collection":[{"href":"https:\/\/evolutionhypnose.com\/wordpress\/index.php?rest_route=\/wp\/v2\/pages"}],"about":[{"href":"https:\/\/evolutionhypnose.com\/wordpress\/index.php?rest_route=\/wp\/v2\/types\/page"}],"author":[{"embeddable":true,"href":"https:\/\/evolutionhypnose.com\/wordpress\/index.php?rest_route=\/wp\/v2\/users\/2"}],"replies":[{"embeddable":true,"href":"https:\/\/evolutionhypnose.com\/wordpress\/index.php?rest_route=%2Fwp%2Fv2%2Fcomments&post=252"}],"version-history":[{"count":2,"href":"https:\/\/evolutionhypnose.com\/wordpress\/index.php?rest_route=\/wp\/v2\/pages\/252\/revisions"}],"predecessor-version":[{"id":464,"href":"https:\/\/evolutionhypnose.com\/wordpress\/index.php?rest_route=\/wp\/v2\/pages\/252\/revisions\/464"}],"wp:attachment":[{"href":"https:\/\/evolutionhypnose.com\/wordpress\/index.php?rest_route=%2Fwp%2Fv2%2Fmedia&parent=252"}],"curies":[{"name":"wp","href":"https:\/\/api.w.org\/{rel}","templated":true}]}}