{"id":254,"date":"2020-03-24T13:18:47","date_gmt":"2020-03-24T13:18:47","guid":{"rendered":"http:\/\/evolutionhypnose.com\/wordpress\/?page_id=254"},"modified":"2026-03-25T15:25:00","modified_gmt":"2026-03-25T15:25:00","slug":"perte-de-poids-compulsions","status":"publish","type":"page","link":"https:\/\/evolutionhypnose.com\/wordpress\/?page_id=254","title":{"rendered":"Perte de poids, compulsions"},"content":{"rendered":"\n<p class=\"has-medium-font-size\">La perte de poids est facilit\u00e9e par l&#8217;hypnose en reprogrammant le comportement face \u00e0 la nourriture et en changeant la relation avec celle-ci. <\/p>\n\n\n\n<p class=\"has-medium-font-size\">Cependant, il est n\u00e9cessaire de changer ses habitudes alimentaires pour pouvoir r\u00e9duire le poids. Et si l&#8217;hypnose vous aide \u00e0 r\u00e9duire l&#8217;envie et la focalisation, il convient de mettre en place une alimentation saine.<\/p>\n\n\n\n<p class=\"has-medium-font-size\">Le but est cependant de trouver des compromis pour ne pas g\u00e9n\u00e9rer de frustration. Il faut aussi analyser ce que vous apporte la nourriture (ou autre compulsion) pour pouvoir trouver ce b\u00e9n\u00e9fice ou cette ressource autre part.<\/p>\n\n\n\n<p class=\"has-medium-font-size\">L&#8217;hypnose peut aussi vous aider \u00e0 aller vers plus d&#8217;activit\u00e9 physique ou \u00e0 accepter votre corps, selon les besoins et les demandes. Parfois, il y a aussi des \u00e9l\u00e9ments d\u00e9clencheurs \u00e0 d\u00e9sactiver ou d&#8217;autres dimensions \u00e0 prendre en compte, comme l&#8217;image que vous avez de votre corps ou des \u00e9v\u00e9nements du pass\u00e9.<\/p>\n\n\n\n<p class=\"has-medium-font-size\">Anorexie, Boulimie : l&#8217;hypnose peut vous aider, en compl\u00e9ment des recommandations de votre m\u00e9decin.<\/p>\n\n\n\n<p class=\"has-medium-font-size\">Pour les autres compulsions, l\u00e0 aussi, nous voyons ensemble comment vous voulez aborder le changement pour que l&#8217;hypnose puisse vous aider au mieux.<\/p>\n\n\n\n<p class=\"has-text-align-center has-white-color has-vivid-cyan-blue-background-color has-text-color has-background has-link-color has-large-font-size wp-elements-5ab944922078714d492c86d135f42448\"><strong><a href=\"https:\/\/evolutionhypnose.com\/wordpress\/?page_id=82\" data-type=\"link\" data-id=\"https:\/\/evolutionhypnose.com\/wordpress\/?page_id=82\">Prenez rendez-vous<\/a><\/strong><\/p>\n","protected":false},"excerpt":{"rendered":"<p>La perte de poids est facilit\u00e9e par l&#8217;hypnose en reprogrammant le comportement face \u00e0 la nourriture et en changeant la relation avec celle-ci. Cependant, il est n\u00e9cessaire de changer ses&#8230;<\/p>\n","protected":false},"author":2,"featured_media":0,"parent":0,"menu_order":0,"comment_status":"closed","ping_status":"closed","template":"","meta":{"footnotes":""},"class_list":["post-254","page","type-page","status-publish","hentry"],"_links":{"self":[{"href":"https:\/\/evolutionhypnose.com\/wordpress\/index.php?rest_route=\/wp\/v2\/pages\/254","targetHints":{"allow":["GET"]}}],"collection":[{"href":"https:\/\/evolutionhypnose.com\/wordpress\/index.php?rest_route=\/wp\/v2\/pages"}],"about":[{"href":"https:\/\/evolutionhypnose.com\/wordpress\/index.php?rest_route=\/wp\/v2\/types\/page"}],"author":[{"embeddable":true,"href":"https:\/\/evolutionhypnose.com\/wordpress\/index.php?rest_route=\/wp\/v2\/users\/2"}],"replies":[{"embeddable":true,"href":"https:\/\/evolutionhypnose.com\/wordpress\/index.php?rest_route=%2Fwp%2Fv2%2Fcomments&post=254"}],"version-history":[{"count":2,"href":"https:\/\/evolutionhypnose.com\/wordpress\/index.php?rest_route=\/wp\/v2\/pages\/254\/revisions"}],"predecessor-version":[{"id":463,"href":"https:\/\/evolutionhypnose.com\/wordpress\/index.php?rest_route=\/wp\/v2\/pages\/254\/revisions\/463"}],"wp:attachment":[{"href":"https:\/\/evolutionhypnose.com\/wordpress\/index.php?rest_route=%2Fwp%2Fv2%2Fmedia&parent=254"}],"curies":[{"name":"wp","href":"https:\/\/api.w.org\/{rel}","templated":true}]}}