{"id":262,"date":"2020-03-24T13:30:33","date_gmt":"2020-03-24T13:30:33","guid":{"rendered":"http:\/\/evolutionhypnose.com\/wordpress\/?page_id=262"},"modified":"2026-03-25T15:28:38","modified_gmt":"2026-03-25T15:28:38","slug":"traumatismes","status":"publish","type":"page","link":"https:\/\/evolutionhypnose.com\/wordpress\/?page_id=262","title":{"rendered":"Traumatismes"},"content":{"rendered":"\n<p class=\"has-medium-font-size\">\u00c9v\u00e9nement marquant ou accident, certains souvenirs laissent des marques dans le conscient et dans l&#8217;inconscient. L&#8217;hypnose peut vous aider \u00e0 prendre de la distance par rapport \u00e0 ceux-ci, les accueillir, les accepter.<\/p>\n\n\n\n<p class=\"has-medium-font-size\">Selon votre situation actuelle, plusieurs m\u00e9thodes peuvent \u00eatre utilis\u00e9es. Il conviendra de s&#8217;assurer d&#8217;abord d&#8217;avoir les ressources n\u00e9cessaires pour traiter ces traumatismes. Il peut donc \u00eatre indispensable de passer d&#8217;abord par une phase de stabilisation et de recherche et d&#8217;accumulation de ressources internes pour vous sentir pr\u00eat(e) \u00e0 travailler sur le traumatisme.<\/p>\n\n\n\n<p class=\"has-medium-font-size\">Ce travail sur le traumatisme peut se faire ensuite <a href=\"http:\/\/evolutionhypnose.com\/wordpress\/?page_id=76\">par Stimulation altern\u00e9e<\/a> ou plus indirectement par <a href=\"http:\/\/evolutionhypnose.com\/wordpress\/?page_id=78\">R\u00eave \u00e9veill\u00e9<\/a> ou <a href=\"http:\/\/evolutionhypnose.com\/wordpress\/?page_id=168\">Hypnose<\/a>. <\/p>\n\n\n\n<p class=\"has-medium-font-size\">En tous cas, le but est de d\u00e9tacher les sentiments de ces \u00e9v\u00e9nements et pouvoir tourner la page pour se concentrer sur un futur positif.<\/p>\n\n\n\n<p class=\"has-text-align-center has-white-color has-vivid-cyan-blue-background-color has-text-color has-background has-link-color has-large-font-size wp-elements-5ab944922078714d492c86d135f42448\"><strong><a href=\"https:\/\/evolutionhypnose.com\/wordpress\/?page_id=82\" data-type=\"link\" data-id=\"https:\/\/evolutionhypnose.com\/wordpress\/?page_id=82\">Prenez rendez-vous<\/a><\/strong><\/p>\n","protected":false},"excerpt":{"rendered":"<p>\u00c9v\u00e9nement marquant ou accident, certains souvenirs laissent des marques dans le conscient et dans l&#8217;inconscient. L&#8217;hypnose peut vous aider \u00e0 prendre de la distance par rapport \u00e0 ceux-ci, les accueillir,&#8230;<\/p>\n","protected":false},"author":2,"featured_media":0,"parent":0,"menu_order":0,"comment_status":"closed","ping_status":"closed","template":"","meta":{"footnotes":""},"class_list":["post-262","page","type-page","status-publish","hentry"],"_links":{"self":[{"href":"https:\/\/evolutionhypnose.com\/wordpress\/index.php?rest_route=\/wp\/v2\/pages\/262","targetHints":{"allow":["GET"]}}],"collection":[{"href":"https:\/\/evolutionhypnose.com\/wordpress\/index.php?rest_route=\/wp\/v2\/pages"}],"about":[{"href":"https:\/\/evolutionhypnose.com\/wordpress\/index.php?rest_route=\/wp\/v2\/types\/page"}],"author":[{"embeddable":true,"href":"https:\/\/evolutionhypnose.com\/wordpress\/index.php?rest_route=\/wp\/v2\/users\/2"}],"replies":[{"embeddable":true,"href":"https:\/\/evolutionhypnose.com\/wordpress\/index.php?rest_route=%2Fwp%2Fv2%2Fcomments&post=262"}],"version-history":[{"count":2,"href":"https:\/\/evolutionhypnose.com\/wordpress\/index.php?rest_route=\/wp\/v2\/pages\/262\/revisions"}],"predecessor-version":[{"id":469,"href":"https:\/\/evolutionhypnose.com\/wordpress\/index.php?rest_route=\/wp\/v2\/pages\/262\/revisions\/469"}],"wp:attachment":[{"href":"https:\/\/evolutionhypnose.com\/wordpress\/index.php?rest_route=%2Fwp%2Fv2%2Fmedia&parent=262"}],"curies":[{"name":"wp","href":"https:\/\/api.w.org\/{rel}","templated":true}]}}