{"id":268,"date":"2020-03-24T13:33:29","date_gmt":"2020-03-24T13:33:29","guid":{"rendered":"http:\/\/evolutionhypnose.com\/wordpress\/?page_id=268"},"modified":"2026-03-25T15:29:09","modified_gmt":"2026-03-25T15:29:09","slug":"sommeil","status":"publish","type":"page","link":"https:\/\/evolutionhypnose.com\/wordpress\/?page_id=268","title":{"rendered":"Sommeil"},"content":{"rendered":"\n<p class=\"has-medium-font-size\">Chronique ou passager, le manque de sommeil devient rapidement intol\u00e9rable.<\/p>\n\n\n\n<p class=\"has-medium-font-size\">La difficult\u00e9 peut \u00eatre \u00e0 l&#8217;endormissement, parfois de nombreux r\u00e9veils, l&#8217;impossibilit\u00e9 de se rendormir, un r\u00e9veil trop t\u00f4t&#8230;<\/p>\n\n\n\n<p class=\"has-medium-font-size\">Cela finit par entra\u00eener fatigue, stress, difficult\u00e9 de concentration, irritabilit\u00e9&#8230;<\/p>\n\n\n\n<p class=\"has-medium-font-size\">Si les causes sont psychiques, l&#8217;hypnose peut vous aider \u00e0 venir \u00e0 bout de ces insomnies, mais aussi des cauchemars et autres troubles du sommeil.<\/p>\n\n\n\n<p class=\"has-medium-font-size\">Parfois, en modifiant sa relation au sommeil, au stress du coucher et du r\u00e9veil en pleine nuit, on peut retrouver le sommeil rapidement, en une ou deux s\u00e9ances. C&#8217;est une sorte de r\u00e9-\u00e9ducation au sommeil.<\/p>\n\n\n\n<p class=\"has-medium-font-size\">Parfois, une meilleure hygi\u00e8ne de vie ou le changement d&#8217;un comportement est n\u00e9cessaire. L&#8217;hypnose peut l\u00e0 aussi \u00eatre une aide pr\u00e9cieuse pour stopper une d\u00e9pendance, venir \u00e0 bout d&#8217;une obsession, changer sa relation \u00e0 la nourriture&#8230;<\/p>\n\n\n\n<p class=\"has-medium-font-size\">Pour certains, il faut aller chercher la cause plus profonde en hypnoanalyse, ce qui prend plus de temps et de s\u00e9ance, mais qui am\u00e9liorera beaucoup plus dans votre vie que le sommeil.<\/p>\n\n\n\n<p class=\"has-medium-font-size\">Dans le cas d&#8217;insomnies, l&#8217;enseignement de l&#8217;auto-hypnose peut \u00eatre envisag\u00e9 pour retrouver cet \u00e9tat de calme et de bien-\u00eatre que l&#8217;hypnose apporte, et ainsi favoriser un endormissement rapide.<\/p>\n\n\n\n<p class=\"has-medium-font-size\">En attendant votre s\u00e9ance, vous pouvez \u00e9couter ma vid\u00e9o pour vous aider \u00e0 l&#8217;endormissement (bien s\u00fbr, cette vid\u00e9o n&#8217;est pas personnalis\u00e9e comme une s\u00e9ance mais c&#8217;est une premi\u00e8re approche ;-))<\/p>\n\n\n\n<p class=\"has-medium-font-size\">Une vid\u00e9o pour les adultes<\/p>\n\n\n\n<figure class=\"wp-block-embed is-type-video is-provider-youtube wp-block-embed-youtube wp-embed-aspect-16-9 wp-has-aspect-ratio\"><div class=\"wp-block-embed__wrapper\">\n<iframe loading=\"lazy\" title=\"Hypnose pour dormir - Version courte\" width=\"640\" height=\"360\" src=\"https:\/\/www.youtube.com\/embed\/fijzoZt-pzs?start=42&#038;feature=oembed\" frameborder=\"0\" allow=\"accelerometer; autoplay; clipboard-write; encrypted-media; gyroscope; picture-in-picture; web-share\" referrerpolicy=\"strict-origin-when-cross-origin\" allowfullscreen><\/iframe>\n<\/div><\/figure>\n\n\n\n<p class=\"has-medium-font-size\">Et une pour les enfants<\/p>\n\n\n\n<figure class=\"wp-block-embed is-type-video is-provider-youtube wp-block-embed-youtube wp-embed-aspect-16-9 wp-has-aspect-ratio\"><div class=\"wp-block-embed__wrapper\">\n<iframe loading=\"lazy\" title=\"Sommeil enfant\" width=\"640\" height=\"360\" src=\"https:\/\/www.youtube.com\/embed\/RuFlZvS1eWo?start=1&#038;feature=oembed\" frameborder=\"0\" allow=\"accelerometer; autoplay; clipboard-write; encrypted-media; gyroscope; picture-in-picture; web-share\" referrerpolicy=\"strict-origin-when-cross-origin\" allowfullscreen><\/iframe>\n<\/div><\/figure>\n\n\n\n<p class=\"has-text-align-center has-white-color has-vivid-cyan-blue-background-color has-text-color has-background has-link-color has-large-font-size wp-elements-5ab944922078714d492c86d135f42448\"><strong><a href=\"https:\/\/evolutionhypnose.com\/wordpress\/?page_id=82\" data-type=\"link\" data-id=\"https:\/\/evolutionhypnose.com\/wordpress\/?page_id=82\">Prenez rendez-vous<\/a><\/strong><\/p>\n","protected":false},"excerpt":{"rendered":"<p>Chronique ou passager, le manque de sommeil devient rapidement intol\u00e9rable. La difficult\u00e9 peut \u00eatre \u00e0 l&#8217;endormissement, parfois de nombreux r\u00e9veils, l&#8217;impossibilit\u00e9 de se rendormir, un r\u00e9veil trop t\u00f4t&#8230; Cela finit&#8230;<\/p>\n","protected":false},"author":2,"featured_media":0,"parent":0,"menu_order":0,"comment_status":"closed","ping_status":"closed","template":"","meta":{"footnotes":""},"class_list":["post-268","page","type-page","status-publish","hentry"],"_links":{"self":[{"href":"https:\/\/evolutionhypnose.com\/wordpress\/index.php?rest_route=\/wp\/v2\/pages\/268","targetHints":{"allow":["GET"]}}],"collection":[{"href":"https:\/\/evolutionhypnose.com\/wordpress\/index.php?rest_route=\/wp\/v2\/pages"}],"about":[{"href":"https:\/\/evolutionhypnose.com\/wordpress\/index.php?rest_route=\/wp\/v2\/types\/page"}],"author":[{"embeddable":true,"href":"https:\/\/evolutionhypnose.com\/wordpress\/index.php?rest_route=\/wp\/v2\/users\/2"}],"replies":[{"embeddable":true,"href":"https:\/\/evolutionhypnose.com\/wordpress\/index.php?rest_route=%2Fwp%2Fv2%2Fcomments&post=268"}],"version-history":[{"count":3,"href":"https:\/\/evolutionhypnose.com\/wordpress\/index.php?rest_route=\/wp\/v2\/pages\/268\/revisions"}],"predecessor-version":[{"id":471,"href":"https:\/\/evolutionhypnose.com\/wordpress\/index.php?rest_route=\/wp\/v2\/pages\/268\/revisions\/471"}],"wp:attachment":[{"href":"https:\/\/evolutionhypnose.com\/wordpress\/index.php?rest_route=%2Fwp%2Fv2%2Fmedia&parent=268"}],"curies":[{"name":"wp","href":"https:\/\/api.w.org\/{rel}","templated":true}]}}