{"id":35,"date":"2020-03-16T17:09:47","date_gmt":"2020-03-16T17:09:47","guid":{"rendered":"http:\/\/evolutionhypnose.com\/wordpress\/?page_id=35"},"modified":"2026-03-25T15:19:14","modified_gmt":"2026-03-25T15:19:14","slug":"p-n-l-ou-programmation-neuro-linguistique","status":"publish","type":"page","link":"https:\/\/evolutionhypnose.com\/wordpress\/?page_id=35","title":{"rendered":"P.N.L. ou Programmation Neuro-Linguistique"},"content":{"rendered":"\n<p class=\"has-medium-font-size\">Sous ce nom barbare se cache un outil exceptionnel qui nous aide \u00e0 comprendre comment nous fonctionnons, nos &#8216;programmes&#8217; donc et comment les changer aussi&#8230;<\/p>\n\n\n\n<p class=\"has-text-color has-medium-font-size\" style=\"color:#143948\">C&#8217;est en d\u00e9codant les m\u00e9thodes utilis\u00e9es par des &#8216;super-communicateurs&#8217; tels que Milton Erickson (hypnose Ericksonienne), Fritz Perls (Gestalt th\u00e9rapie), Virginia Satir&#8230; que Richard Bandler (psychoth\u00e9rapeute et&nbsp; math\u00e9maticien) et John Grinder (linguiste) donnent naissance \u00e0 la PNL. Ils ont &#8216;mod\u00e9lis\u00e9&#8217; les techniques des th\u00e9rapeutes r\u00e9put\u00e9s pour cr\u00e9er des protocoles applicables \u00e0 tout le monde.<\/p>\n\n\n\n<p class=\"has-medium-font-size\">Evidemment, en cabinet, ils sont adapt\u00e9s \u00e0 vous et \u00e0 vos besoins.<\/p>\n\n\n\n<p class=\"has-medium-font-size\">Je suis rarement des protocoles, je m&#8217;adapte toujours selon votre individualit\u00e9 mais j&#8217;utilise parfois ces outils puissants pour les phobies, par exemple, ou sur certaines probl\u00e9matiques, quand je les trouve pertinents et int\u00e9ressants pour votre suivi.<\/p>\n\n\n\n<p class=\"has-text-align-center has-white-color has-vivid-cyan-blue-background-color has-text-color has-background has-link-color has-large-font-size wp-elements-5ab944922078714d492c86d135f42448\"><strong><a href=\"https:\/\/evolutionhypnose.com\/wordpress\/?page_id=82\" data-type=\"link\" data-id=\"https:\/\/evolutionhypnose.com\/wordpress\/?page_id=82\">Prenez rendez-vous<\/a><\/strong><\/p>\n","protected":false},"excerpt":{"rendered":"<p>Sous ce nom barbare se cache un outil exceptionnel qui nous aide \u00e0 comprendre comment nous fonctionnons, nos &#8216;programmes&#8217; donc et comment les changer aussi&#8230; C&#8217;est en d\u00e9codant les m\u00e9thodes&#8230;<\/p>\n","protected":false},"author":2,"featured_media":0,"parent":2,"menu_order":0,"comment_status":"closed","ping_status":"closed","template":"","meta":{"footnotes":""},"class_list":["post-35","page","type-page","status-publish","hentry"],"_links":{"self":[{"href":"https:\/\/evolutionhypnose.com\/wordpress\/index.php?rest_route=\/wp\/v2\/pages\/35","targetHints":{"allow":["GET"]}}],"collection":[{"href":"https:\/\/evolutionhypnose.com\/wordpress\/index.php?rest_route=\/wp\/v2\/pages"}],"about":[{"href":"https:\/\/evolutionhypnose.com\/wordpress\/index.php?rest_route=\/wp\/v2\/types\/page"}],"author":[{"embeddable":true,"href":"https:\/\/evolutionhypnose.com\/wordpress\/index.php?rest_route=\/wp\/v2\/users\/2"}],"replies":[{"embeddable":true,"href":"https:\/\/evolutionhypnose.com\/wordpress\/index.php?rest_route=%2Fwp%2Fv2%2Fcomments&post=35"}],"version-history":[{"count":6,"href":"https:\/\/evolutionhypnose.com\/wordpress\/index.php?rest_route=\/wp\/v2\/pages\/35\/revisions"}],"predecessor-version":[{"id":448,"href":"https:\/\/evolutionhypnose.com\/wordpress\/index.php?rest_route=\/wp\/v2\/pages\/35\/revisions\/448"}],"up":[{"embeddable":true,"href":"https:\/\/evolutionhypnose.com\/wordpress\/index.php?rest_route=\/wp\/v2\/pages\/2"}],"wp:attachment":[{"href":"https:\/\/evolutionhypnose.com\/wordpress\/index.php?rest_route=%2Fwp%2Fv2%2Fmedia&parent=35"}],"curies":[{"name":"wp","href":"https:\/\/api.w.org\/{rel}","templated":true}]}}