{"id":72,"date":"2020-03-16T18:16:48","date_gmt":"2020-03-16T18:16:48","guid":{"rendered":"http:\/\/evolutionhypnose.com\/wordpress\/?page_id=72"},"modified":"2026-03-25T15:24:09","modified_gmt":"2026-03-25T15:24:09","slug":"hypnose-elmanienne","status":"publish","type":"page","link":"https:\/\/evolutionhypnose.com\/wordpress\/?page_id=72","title":{"rendered":"Hypnose Elmanienne"},"content":{"rendered":"<div class=\"wp-block-image\">\n<figure class=\"aligncenter\"><img decoding=\"async\" src=\"http:\/\/evolutionhypnose.com\/images\/elman.jpg?crc=357032555\" alt=\"\"\/><figcaption class=\"wp-element-caption\"> Dave Elman <\/figcaption><\/figure>\n<\/div>\n\n\n<p class=\"has-medium-font-size\">Elle vient de Dave Elman c\u00e9l\u00e8bre aux Etats-Unis mais beaucoup moins connu en France. N\u00e9 en 1900 dans le Dakota du Nord, il fut longtemps pr\u00e9sentateur radio (son show &#8216;Hobby lobby&#8217; \u00e9tait tr\u00e8s populaire). Aussi musicien, parolier et com\u00e9dien, il se consacre d&#8217;abord \u00e0 l&#8217;hypnose de spectacle. Ses techniques sont plus directes et ressemblent donc plus \u00e0 de l&#8217;hypnose classique.<\/p>\n\n\n\n<p class=\"has-medium-font-size\">Il n&#8217;\u00e9tait pas m\u00e9decin mais, gr\u00e2ce aux m\u00e9thodes qu&#8217;il a d\u00e9velopp\u00e9, notamment pour les op\u00e9rations sans douleur, il devient formateur en hypnose et forme de nombreux m\u00e9decins am\u00e9ricains.<\/p>\n\n\n\n<p class=\"has-medium-font-size\">Il \u00e9crit son livre &#8216;Hypnotherapy&#8217;, peu connu en France (il n&#8217;existe pas de traduction).<\/p>\n\n\n\n<p class=\"has-medium-font-size\">Il&nbsp; cr\u00e9e une m\u00e9thode particuli\u00e8re qui permet d&#8217;approfondir rapidement la transe. En effet, il remarque qu&#8217;il faut parfois de nombreuses s\u00e9ances pour que la personne r\u00e9ussisse \u00e0 atteindre la profondeur qu&#8217;il souhaite. Il commence d&#8217;abord par rapprocher les s\u00e9ances, puis il fait patienter la personne en salle d&#8217;attente. Il finit par faire sortir et re-rentrer la personne de transe plusieurs fois de suite durant la m\u00eame s\u00e9ance avant de d\u00e9velopper sa m\u00e9thode d&#8217;induction de la transe.<\/p>\n\n\n\n<p class=\"has-medium-font-size\">Pour lui, la transe est atteinte en d\u00e9tournant le facteur critique.<\/p>\n\n\n\n<p class=\"has-medium-font-size\">Il tenait aussi \u00e0 ce que le patient s&#8217;engage \u00e0 faire 50% du travail.<\/p>\n\n\n\n<p class=\"has-medium-font-size\">Il est important cependant de noter qu&#8217;il est en principe consid\u00e9r\u00e9 que la profondeur de la transe n&#8217;est pas un facteur qui influence la puissance du travail hypnotique.<\/p>\n\n\n\n<p class=\"has-text-align-center has-white-color has-vivid-cyan-blue-background-color has-text-color has-background has-link-color has-large-font-size wp-elements-5ab944922078714d492c86d135f42448\"><strong><a href=\"https:\/\/evolutionhypnose.com\/wordpress\/?page_id=82\" data-type=\"link\" data-id=\"https:\/\/evolutionhypnose.com\/wordpress\/?page_id=82\">Prenez rendez-vous<\/a><\/strong><\/p>\n","protected":false},"excerpt":{"rendered":"<p>Elle vient de Dave Elman c\u00e9l\u00e8bre aux Etats-Unis mais beaucoup moins connu en France. N\u00e9 en 1900 dans le Dakota du Nord, il fut longtemps pr\u00e9sentateur radio (son show &#8216;Hobby&#8230;<\/p>\n","protected":false},"author":2,"featured_media":0,"parent":0,"menu_order":0,"comment_status":"closed","ping_status":"closed","template":"","meta":{"footnotes":""},"class_list":["post-72","page","type-page","status-publish","hentry"],"_links":{"self":[{"href":"https:\/\/evolutionhypnose.com\/wordpress\/index.php?rest_route=\/wp\/v2\/pages\/72","targetHints":{"allow":["GET"]}}],"collection":[{"href":"https:\/\/evolutionhypnose.com\/wordpress\/index.php?rest_route=\/wp\/v2\/pages"}],"about":[{"href":"https:\/\/evolutionhypnose.com\/wordpress\/index.php?rest_route=\/wp\/v2\/types\/page"}],"author":[{"embeddable":true,"href":"https:\/\/evolutionhypnose.com\/wordpress\/index.php?rest_route=\/wp\/v2\/users\/2"}],"replies":[{"embeddable":true,"href":"https:\/\/evolutionhypnose.com\/wordpress\/index.php?rest_route=%2Fwp%2Fv2%2Fcomments&post=72"}],"version-history":[{"count":4,"href":"https:\/\/evolutionhypnose.com\/wordpress\/index.php?rest_route=\/wp\/v2\/pages\/72\/revisions"}],"predecessor-version":[{"id":460,"href":"https:\/\/evolutionhypnose.com\/wordpress\/index.php?rest_route=\/wp\/v2\/pages\/72\/revisions\/460"}],"wp:attachment":[{"href":"https:\/\/evolutionhypnose.com\/wordpress\/index.php?rest_route=%2Fwp%2Fv2%2Fmedia&parent=72"}],"curies":[{"name":"wp","href":"https:\/\/api.w.org\/{rel}","templated":true}]}}