{"id":74,"date":"2020-03-16T18:17:39","date_gmt":"2020-03-16T18:17:39","guid":{"rendered":"http:\/\/evolutionhypnose.com\/wordpress\/?page_id=74"},"modified":"2026-03-25T15:24:42","modified_gmt":"2026-03-25T15:24:42","slug":"hypnose-humaniste","status":"publish","type":"page","link":"https:\/\/evolutionhypnose.com\/wordpress\/?page_id=74","title":{"rendered":"Hypnose humaniste"},"content":{"rendered":"\n<p class=\"has-medium-font-size\">Contrairement aux autres formes d&#8217;hypnose qui, souvent, dissocient ou envoient la personne \u00e0 l&#8217;int\u00e9rieur d&#8217;elle-m\u00eame, l&#8217;hypnose humaniste unifie.<\/p>\n\n\n\n<p class=\"has-medium-font-size\">Elle permet de se sentir connect\u00e9 au reste du monde, de voyager vers l&#8217;ext\u00e9rieur de nous-m\u00eame et d&#8217;\u00e9largir notre champ de conscience.<\/p>\n\n\n\n<p class=\"has-medium-font-size\">Plus &#8216;\u00e9sot\u00e9rique&#8217; et &#8216;spirituelle&#8217; que les autres m\u00e9thodes, le travail est souvent fait \u00e0 un niveau plus symbolique. Une attention \u00e9largie entra\u00eene une r\u00e9unification, une reconnexion et d\u00e9veloppe l&#8217;intuition et les perceptions extrasensorielles.<\/p>\n\n\n\n<p class=\"has-text-align-center has-white-color has-vivid-cyan-blue-background-color has-text-color has-background has-link-color has-large-font-size wp-elements-5ab944922078714d492c86d135f42448\"><strong><a href=\"https:\/\/evolutionhypnose.com\/wordpress\/?page_id=82\" data-type=\"link\" data-id=\"https:\/\/evolutionhypnose.com\/wordpress\/?page_id=82\">Prenez rendez-vous<\/a><\/strong><\/p>\n","protected":false},"excerpt":{"rendered":"<p>Contrairement aux autres formes d&#8217;hypnose qui, souvent, dissocient ou envoient la personne \u00e0 l&#8217;int\u00e9rieur d&#8217;elle-m\u00eame, l&#8217;hypnose humaniste unifie. Elle permet de se sentir connect\u00e9 au reste du monde, de voyager&#8230;<\/p>\n","protected":false},"author":2,"featured_media":0,"parent":0,"menu_order":0,"comment_status":"closed","ping_status":"closed","template":"","meta":{"footnotes":""},"class_list":["post-74","page","type-page","status-publish","hentry"],"_links":{"self":[{"href":"https:\/\/evolutionhypnose.com\/wordpress\/index.php?rest_route=\/wp\/v2\/pages\/74","targetHints":{"allow":["GET"]}}],"collection":[{"href":"https:\/\/evolutionhypnose.com\/wordpress\/index.php?rest_route=\/wp\/v2\/pages"}],"about":[{"href":"https:\/\/evolutionhypnose.com\/wordpress\/index.php?rest_route=\/wp\/v2\/types\/page"}],"author":[{"embeddable":true,"href":"https:\/\/evolutionhypnose.com\/wordpress\/index.php?rest_route=\/wp\/v2\/users\/2"}],"replies":[{"embeddable":true,"href":"https:\/\/evolutionhypnose.com\/wordpress\/index.php?rest_route=%2Fwp%2Fv2%2Fcomments&post=74"}],"version-history":[{"count":5,"href":"https:\/\/evolutionhypnose.com\/wordpress\/index.php?rest_route=\/wp\/v2\/pages\/74\/revisions"}],"predecessor-version":[{"id":462,"href":"https:\/\/evolutionhypnose.com\/wordpress\/index.php?rest_route=\/wp\/v2\/pages\/74\/revisions\/462"}],"wp:attachment":[{"href":"https:\/\/evolutionhypnose.com\/wordpress\/index.php?rest_route=%2Fwp%2Fv2%2Fmedia&parent=74"}],"curies":[{"name":"wp","href":"https:\/\/api.w.org\/{rel}","templated":true}]}}