{"id":80,"date":"2020-03-16T18:24:09","date_gmt":"2020-03-16T18:24:09","guid":{"rendered":"http:\/\/evolutionhypnose.com\/wordpress\/?page_id=80"},"modified":"2026-03-25T15:18:40","modified_gmt":"2026-03-25T15:18:40","slug":"les-applications","status":"publish","type":"page","link":"https:\/\/evolutionhypnose.com\/wordpress\/?page_id=80","title":{"rendered":"Applications"},"content":{"rendered":"\n<h1 class=\"wp-block-heading\" id=\"u2253-2\">Quels sont les applications de l&#8217;hypnose&nbsp;?<\/h1>\n\n\n\n<p class=\"has-medium-font-size\">Elles sont nombreuses et vari\u00e9es&nbsp;(cette liste est non-exhaustive) :<\/p>\n\n\n\n<ul class=\"wp-block-list\">\n<li>Aide aux relations&nbsp;: famille, couple&#8230;<\/li>\n\n\n\n<li><a href=\"http:\/\/evolutionhypnose.com\/wordpress\/?page_id=250\">Confiance en soi<\/a><\/li>\n\n\n\n<li><a href=\"http:\/\/evolutionhypnose.com\/wordpress\/?page_id=247\">Gestion des \u00e9motions<\/a><\/li>\n\n\n\n<li><a href=\"http:\/\/evolutionhypnose.com\/wordpress\/?page_id=245\">Gestion de la douleur, analg\u00e9sie et anesth\u00e9sie<\/a><\/li>\n\n\n\n<li><a href=\"http:\/\/evolutionhypnose.com\/wordpress\/?page_id=252\">Phobies&nbsp;: animaux, ascenseurs, avion, eau&#8230;<\/a><\/li>\n\n\n\n<li><a href=\"http:\/\/evolutionhypnose.com\/wordpress\/?page_id=254\">Compulsions&nbsp;: alimentation<\/a>, troubles obsessionnel-compulsifs (TOC)<\/li>\n\n\n\n<li><a href=\"http:\/\/evolutionhypnose.com\/wordpress\/?page_id=256\">R\u00e9actions respiratoires ou dermatologiques&nbsp;: pollens, foins, boutons&#8230;<\/a><\/li>\n\n\n\n<li><a href=\"http:\/\/evolutionhypnose.com\/wordpress\/?page_id=258\">D\u00e9pendances&nbsp;: tabac<\/a><\/li>\n\n\n\n<li><a href=\"http:\/\/evolutionhypnose.com\/wordpress\/?page_id=262\">Traumatismes&nbsp;: accident, d\u00e9c\u00e8s, divorce, enfance difficile&#8230;<\/a><\/li>\n\n\n\n<li><a href=\"http:\/\/evolutionhypnose.com\/wordpress\/?page_id=264\">Etat d\u00e9pressif<\/a><\/li>\n\n\n\n<li><a href=\"http:\/\/evolutionhypnose.com\/wordpress\/?page_id=260\">Deuil<\/a><\/li>\n\n\n\n<li><a href=\"http:\/\/evolutionhypnose.com\/wordpress\/?page_id=266\">Angoisse, anxi\u00e9t\u00e9, gestion du stress<\/a><\/li>\n\n\n\n<li>Am\u00e9lioration des performances&nbsp;: entra\u00eenement \u00e0 la concentration, \u00e0 la performance (sport, \u00e9tudes, examens)<\/li>\n\n\n\n<li><a href=\"http:\/\/evolutionhypnose.com\/wordpress\/?page_id=268\">Am\u00e9lioration du sommeil&nbsp;: insomnies, cauchemars<\/a><\/li>\n\n\n\n<li>Troubles sexuels<\/li>\n<\/ul>\n\n\n\n<p class=\"has-text-align-center has-white-color has-vivid-cyan-blue-background-color has-text-color has-background has-link-color has-large-font-size wp-elements-5ab944922078714d492c86d135f42448\"><strong><a href=\"https:\/\/evolutionhypnose.com\/wordpress\/?page_id=82\" data-type=\"link\" data-id=\"https:\/\/evolutionhypnose.com\/wordpress\/?page_id=82\">Prenez rendez-vous<\/a><\/strong><\/p>\n\n\n\n<p class=\"has-medium-font-size\">Le mieux pour savoir si l&#8217;hypnoth\u00e9rapie peut vous aider est encore de l&#8217;essayer&nbsp;! Un enseignement de l&#8217;auto-hypnose peut \u00eatre propos\u00e9 selon les personnes et selon la demande.<\/p>\n\n\n\n<p class=\"has-medium-font-size\">La d\u00e9couverte de l&#8217;hypnose, de l&#8217;\u00e9tat et du bien-\u00eatre ressenti est un moment inoubliable alors une s\u00e9ance peut aussi simplement \u00eatre un moment pour soi, un moment de d\u00e9tente et de pause, un voyage \u00e0 la d\u00e9couverte de soi-m\u00eame&#8230; Les \u00e9tats modifi\u00e9s de conscience sont nombreux, et je vous accompagnerai avec plaisir lors de ces introspections !<\/p>\n\n\n\n<p class=\"has-medium-font-size\">Je ne suis ni m\u00e9decin, ni psychologue, ni psychiatre, ni psychoth\u00e9rapeute. Je ne fais donc pas de diagnostics, ne soigne pas et ne gu\u00e9ris pas. Les indications de ces pages sont donn\u00e9es dans le cadre d&#8217;une d\u00e9marche de bien-\u00eatre \u00e0 l&#8217;exclusion de tout objectif m\u00e9dical (ou param\u00e9dical) et ne peuvent en aucun cas se substituer \u00e0 un avis m\u00e9dical. Elles ne dispensent en aucun cas de consulter un professionnel de la sant\u00e9, chaque fois que cela est n\u00e9cessaire. Seul un m\u00e9decin est habilit\u00e9 \u00e0 poser des diagnostics, prescrire, modifier ou supprimer tout traitement m\u00e9dical. Toute question relevant du domaine m\u00e9dical est \u00e0 poser \u00e0 votre m\u00e9decin traitant.<\/p>\n","protected":false},"excerpt":{"rendered":"<p>Quels sont les applications de l&#8217;hypnose&nbsp;? Elles sont nombreuses et vari\u00e9es&nbsp;(cette liste est non-exhaustive) : Prenez rendez-vous Le mieux pour savoir si l&#8217;hypnoth\u00e9rapie peut vous aider est encore de l&#8217;essayer&nbsp;!&#8230;<\/p>\n","protected":false},"author":2,"featured_media":0,"parent":0,"menu_order":0,"comment_status":"closed","ping_status":"closed","template":"","meta":{"footnotes":""},"class_list":["post-80","page","type-page","status-publish","hentry"],"_links":{"self":[{"href":"https:\/\/evolutionhypnose.com\/wordpress\/index.php?rest_route=\/wp\/v2\/pages\/80","targetHints":{"allow":["GET"]}}],"collection":[{"href":"https:\/\/evolutionhypnose.com\/wordpress\/index.php?rest_route=\/wp\/v2\/pages"}],"about":[{"href":"https:\/\/evolutionhypnose.com\/wordpress\/index.php?rest_route=\/wp\/v2\/types\/page"}],"author":[{"embeddable":true,"href":"https:\/\/evolutionhypnose.com\/wordpress\/index.php?rest_route=\/wp\/v2\/users\/2"}],"replies":[{"embeddable":true,"href":"https:\/\/evolutionhypnose.com\/wordpress\/index.php?rest_route=%2Fwp%2Fv2%2Fcomments&post=80"}],"version-history":[{"count":11,"href":"https:\/\/evolutionhypnose.com\/wordpress\/index.php?rest_route=\/wp\/v2\/pages\/80\/revisions"}],"predecessor-version":[{"id":446,"href":"https:\/\/evolutionhypnose.com\/wordpress\/index.php?rest_route=\/wp\/v2\/pages\/80\/revisions\/446"}],"wp:attachment":[{"href":"https:\/\/evolutionhypnose.com\/wordpress\/index.php?rest_route=%2Fwp%2Fv2%2Fmedia&parent=80"}],"curies":[{"name":"wp","href":"https:\/\/api.w.org\/{rel}","templated":true}]}}