{"id":82,"date":"2020-03-16T18:24:47","date_gmt":"2020-03-16T18:24:47","guid":{"rendered":"http:\/\/evolutionhypnose.com\/wordpress\/?page_id=82"},"modified":"2026-03-25T15:09:53","modified_gmt":"2026-03-25T15:09:53","slug":"contactez-moi","status":"publish","type":"page","link":"https:\/\/evolutionhypnose.com\/wordpress\/?page_id=82","title":{"rendered":"Prenez rendez-vous"},"content":{"rendered":"\n<p class=\"has-large-font-size\"><strong>S\u00e9verine DIXON<\/strong>&nbsp;: 06.95.30.37.27<\/p>\n\n\n\n<p class=\"has-large-font-size\">info@ evolutionhypnose.com<\/p>\n\n\n\n<p class=\"has-medium-font-size\">Prenez rendez-vous sur les <a href=\"https:\/\/www.pagesjaunes.fr\/pros\/detail?code_etablissement=54290238&amp;code_localite=L07302100&amp;code_rubrique=000988\" data-type=\"link\" data-id=\"https:\/\/www.pagesjaunes.fr\/pros\/detail?code_etablissement=54290238&amp;code_localite=L07302100&amp;code_rubrique=000988\">Pages Jaunes<\/a> !<\/p>\n\n\n\n<figure class=\"wp-block-image size-large is-resized\"><img loading=\"lazy\" decoding=\"async\" width=\"1024\" height=\"1024\" src=\"https:\/\/evolutionhypnose.com\/wordpress\/wp-content\/uploads\/2024\/02\/qr-code-Pages-jaunes-EH-1024x1024.png\" alt=\"\" class=\"wp-image-405\" style=\"width:182px;height:auto\" srcset=\"https:\/\/evolutionhypnose.com\/wordpress\/wp-content\/uploads\/2024\/02\/qr-code-Pages-jaunes-EH-1024x1024.png 1024w, https:\/\/evolutionhypnose.com\/wordpress\/wp-content\/uploads\/2024\/02\/qr-code-Pages-jaunes-EH-300x300.png 300w, https:\/\/evolutionhypnose.com\/wordpress\/wp-content\/uploads\/2024\/02\/qr-code-Pages-jaunes-EH-150x150.png 150w, https:\/\/evolutionhypnose.com\/wordpress\/wp-content\/uploads\/2024\/02\/qr-code-Pages-jaunes-EH-768x768.png 768w, https:\/\/evolutionhypnose.com\/wordpress\/wp-content\/uploads\/2024\/02\/qr-code-Pages-jaunes-EH-400x400.png 400w, https:\/\/evolutionhypnose.com\/wordpress\/wp-content\/uploads\/2024\/02\/qr-code-Pages-jaunes-EH.png 1127w\" sizes=\"auto, (max-width: 1024px) 100vw, 1024px\" \/><\/figure>\n\n\n\n<p class=\"has-medium-font-size\">Vous souhaitez un rendez-vous&nbsp;?  Vous avez besoin d&#8217;un renseignement&nbsp;?  Vous \u00eates venu en consultation et voulez me donner des nouvelles&nbsp;? <\/p>\n\n\n\n<p class=\"has-medium-font-size\">N&#8217;h\u00e9sitez pas \u00e0 me contacter par mail ou par t\u00e9l\u00e9phone&nbsp;!<\/p>\n\n\n\n<h1 class=\"wp-block-heading\"><\/h1>\n\n\n\n<div class=\"wp-block-media-text alignwide has-media-on-the-right\" style=\"grid-template-columns:auto 33%\"><div class=\"wp-block-media-text__content\">\n<p class=\"has-large-font-size\">Mon cabinet est situ\u00e9 \u00e0 Arvillard<\/p>\n\n\n\n<p class=\"has-small-font-size\">(entre Chamb\u00e9ry, Grenoble et Albertville).<\/p>\n\n\n\n<p>Je suis donc entre la Savoie (pr\u00e8s de La Rochette, le Val Gelon) et l&#8217;Is\u00e8re (\u00e0 10 minutes d&#8217;Allevard et Pontcharra, proche de Goncelin, Le Touvet, Cr\u00eat-en-Belledonne, Barraux et Chapareillan).<\/p>\n<\/div><figure class=\"wp-block-media-text__media\"><img decoding=\"async\" src=\"http:\/\/evolutionhypnose.com\/images\/brain-cogs164x223.png?crc=3798278279\" alt=\"\"\/><\/figure><\/div>\n\n\n\n<ul class=\"wp-block-list\">\n<li>110, place St Roch \u00e0&nbsp;<strong>Arvillard<\/strong><\/li>\n<\/ul>\n\n\n\n<figure><iframe loading=\"lazy\" width=\"416\" height=\"347\" src=\"https:\/\/maps.google.com\/maps?f=q&amp;source=s_q&amp;hl=fr&amp;q=Evolution%20Hypnose%2C%2073110%2C%20Arvillard%2C%20France&amp;aq=0&amp;ie=UTF8&amp;t=m&amp;z=15&amp;iwloc=%20&amp;output=embed\"><\/iframe><\/figure>\n\n\n\n<div class=\"wp-block-group\"><div class=\"wp-block-group__inner-container is-layout-constrained wp-block-group-is-layout-constrained\">\n<div class=\"wp-block-columns is-layout-flex wp-container-core-columns-is-layout-9d6595d7 wp-block-columns-is-layout-flex\">\n<div class=\"wp-block-column is-layout-flow wp-block-column-is-layout-flow\" style=\"flex-basis:100%\"><\/div>\n<\/div>\n\n\n\n<div class=\"wp-block-columns is-layout-flex wp-container-core-columns-is-layout-9d6595d7 wp-block-columns-is-layout-flex\">\n<div class=\"wp-block-column is-layout-flow wp-block-column-is-layout-flow\">\n<figure class=\"wp-block-image size-large\"><img loading=\"lazy\" decoding=\"async\" width=\"768\" height=\"1024\" src=\"https:\/\/evolutionhypnose.com\/wordpress\/wp-content\/uploads\/2025\/12\/cabinet-1-768x1024.jpg\" alt=\"\" class=\"wp-image-428\" srcset=\"https:\/\/evolutionhypnose.com\/wordpress\/wp-content\/uploads\/2025\/12\/cabinet-1-768x1024.jpg 768w, https:\/\/evolutionhypnose.com\/wordpress\/wp-content\/uploads\/2025\/12\/cabinet-1-225x300.jpg 225w, https:\/\/evolutionhypnose.com\/wordpress\/wp-content\/uploads\/2025\/12\/cabinet-1-1152x1536.jpg 1152w, https:\/\/evolutionhypnose.com\/wordpress\/wp-content\/uploads\/2025\/12\/cabinet-1-1536x2048.jpg 1536w, https:\/\/evolutionhypnose.com\/wordpress\/wp-content\/uploads\/2025\/12\/cabinet-1-scaled.jpg 1920w\" sizes=\"auto, (max-width: 768px) 100vw, 768px\" \/><figcaption class=\"wp-element-caption\">oplus_34<\/figcaption><\/figure>\n<\/div>\n\n\n\n<div class=\"wp-block-column is-layout-flow wp-block-column-is-layout-flow\">\n<figure class=\"wp-block-image size-large\"><img loading=\"lazy\" decoding=\"async\" width=\"768\" height=\"1024\" src=\"https:\/\/evolutionhypnose.com\/wordpress\/wp-content\/uploads\/2025\/12\/Cabinet-2-1-768x1024.jpg\" alt=\"\" class=\"wp-image-430\" srcset=\"https:\/\/evolutionhypnose.com\/wordpress\/wp-content\/uploads\/2025\/12\/Cabinet-2-1-768x1024.jpg 768w, https:\/\/evolutionhypnose.com\/wordpress\/wp-content\/uploads\/2025\/12\/Cabinet-2-1-225x300.jpg 225w, https:\/\/evolutionhypnose.com\/wordpress\/wp-content\/uploads\/2025\/12\/Cabinet-2-1-1152x1536.jpg 1152w, https:\/\/evolutionhypnose.com\/wordpress\/wp-content\/uploads\/2025\/12\/Cabinet-2-1-1536x2048.jpg 1536w, https:\/\/evolutionhypnose.com\/wordpress\/wp-content\/uploads\/2025\/12\/Cabinet-2-1-scaled.jpg 1920w\" sizes=\"auto, (max-width: 768px) 100vw, 768px\" \/><\/figure>\n<\/div>\n<\/div>\n<\/div><\/div>\n","protected":false},"excerpt":{"rendered":"<p>S\u00e9verine DIXON&nbsp;: 06.95.30.37.27 info@ evolutionhypnose.com Prenez rendez-vous sur les Pages Jaunes ! Vous souhaitez un rendez-vous&nbsp;? Vous avez besoin d&#8217;un renseignement&nbsp;? Vous \u00eates venu en consultation et voulez me donner&#8230;<\/p>\n","protected":false},"author":2,"featured_media":0,"parent":0,"menu_order":0,"comment_status":"closed","ping_status":"closed","template":"","meta":{"footnotes":""},"class_list":["post-82","page","type-page","status-publish","hentry"],"_links":{"self":[{"href":"https:\/\/evolutionhypnose.com\/wordpress\/index.php?rest_route=\/wp\/v2\/pages\/82","targetHints":{"allow":["GET"]}}],"collection":[{"href":"https:\/\/evolutionhypnose.com\/wordpress\/index.php?rest_route=\/wp\/v2\/pages"}],"about":[{"href":"https:\/\/evolutionhypnose.com\/wordpress\/index.php?rest_route=\/wp\/v2\/types\/page"}],"author":[{"embeddable":true,"href":"https:\/\/evolutionhypnose.com\/wordpress\/index.php?rest_route=\/wp\/v2\/users\/2"}],"replies":[{"embeddable":true,"href":"https:\/\/evolutionhypnose.com\/wordpress\/index.php?rest_route=%2Fwp%2Fv2%2Fcomments&post=82"}],"version-history":[{"count":17,"href":"https:\/\/evolutionhypnose.com\/wordpress\/index.php?rest_route=\/wp\/v2\/pages\/82\/revisions"}],"predecessor-version":[{"id":442,"href":"https:\/\/evolutionhypnose.com\/wordpress\/index.php?rest_route=\/wp\/v2\/pages\/82\/revisions\/442"}],"wp:attachment":[{"href":"https:\/\/evolutionhypnose.com\/wordpress\/index.php?rest_route=%2Fwp%2Fv2%2Fmedia&parent=82"}],"curies":[{"name":"wp","href":"https:\/\/api.w.org\/{rel}","templated":true}]}}