{"id":84,"date":"2020-03-16T18:25:27","date_gmt":"2020-03-16T18:25:27","guid":{"rendered":"http:\/\/evolutionhypnose.com\/wordpress\/?page_id=84"},"modified":"2026-03-25T15:28:04","modified_gmt":"2026-03-25T15:28:04","slug":"seance","status":"publish","type":"page","link":"https:\/\/evolutionhypnose.com\/wordpress\/?page_id=84","title":{"rendered":"S\u00e9ance"},"content":{"rendered":"\n<h1 class=\"wp-block-heading\">PR\u00c9PARER VOTRE S\u00c9ANCE<\/h1>\n\n\n\n<figure class=\"wp-block-image\"><img decoding=\"async\" src=\"http:\/\/evolutionhypnose.com\/images\/photocabinetsmall.jpg?crc=526214607\" alt=\"\"\/><\/figure>\n\n\n\n<p class=\"has-medium-font-size\"><strong>Comment pr\u00e9parer sa s\u00e9ance&nbsp;?<\/strong><\/p>\n\n\n\n<p class=\"has-medium-font-size\">Il faut tout d&#8217;abord \u00eatre pr\u00eat \u00e0 vivre une exp\u00e9rience unique&nbsp;!<\/p>\n\n\n\n<p class=\"has-medium-font-size\">En effet, oubliez tout ce que vous savez ou pensez savoir sur l&#8217;hypnose. Chaque transe est unique. Vous ne vivrez pas la m\u00eame chose que votre ami, votre m\u00e8re ou votre voisine parce que chacun est diff\u00e9rent. De plus, chaque praticien utilise ses techniques, ses mots, ses r\u00e9f\u00e9rences&nbsp;: choisissez cette personne avec soin. Et chacune de vos transes sera unique aussi, surtout que la technique utilis\u00e9e sera diff\u00e9rente \u00e0 chaque fois.<\/p>\n\n\n\n<p class=\"has-medium-font-size\">De plus, vous devez \u00eatre motiv\u00e9 personnellement. Non pas parce que quelqu&#8217;un d&#8217;autre l&#8217;a d\u00e9cid\u00e9 ou que ce serait bien de&#8230; Qu&#8217;est-ce que la r\u00e9alisation de votre objectif va vous apporter \u00e0 vous&nbsp;? Si un sentiment positif est associ\u00e9 \u00e0 votre objectif, la plus grande partie du chemin est d\u00e9j\u00e0 faite&nbsp;!<\/p>\n\n\n\n<p class=\"has-medium-font-size\">Le changement doit d\u00e9pendre de vous uniquement. L&#8217;hypnose peut \u00eatre magique pour certains troubles mais ne fera pas revenir votre femme et n&#8217;augmentera pas le montant de votre paie&nbsp;! Vous pourrez par contre am\u00e9liorer vos relations aux autres et vos performances professionnelles et voir le r\u00e9sultat&nbsp;!<\/p>\n\n\n\n<p class=\"has-medium-font-size\"><em>&#8216;Ayez confiance en vos r\u00eaves, car en eux sont cach\u00e9s les clefs de l&#8217;\u00e9ternit\u00e9&#8217;<\/em><\/p>\n\n\n\n<p class=\"has-text-align-right\"><em>Khalil Gibran<\/em><\/p>\n\n\n\n<p class=\"has-text-align-center has-white-color has-vivid-cyan-blue-background-color has-text-color has-background has-link-color has-large-font-size wp-elements-5ab944922078714d492c86d135f42448\"><strong><a href=\"https:\/\/evolutionhypnose.com\/wordpress\/?page_id=82\" data-type=\"link\" data-id=\"https:\/\/evolutionhypnose.com\/wordpress\/?page_id=82\">Prenez rendez-vous<\/a><\/strong><\/p>\n\n\n\n<h1 class=\"wp-block-heading\">LE D\u00c9ROULEMENT D&#8217;UNE S\u00c9ANCE<\/h1>\n\n\n\n<p class=\"has-medium-font-size\"><strong>Comment se d\u00e9roule une s\u00e9ance&nbsp;?<\/strong><\/p>\n\n\n\n<p class=\"has-medium-font-size\">La s\u00e9ance d\u00e9bute par une discussion entre vous et moi afin que vous m&#8217;expliquiez la raison de votre venue.<\/p>\n\n\n\n<p class=\"has-medium-font-size\">Puis une p\u00e9riode dite &#8216;d&#8217;induction&#8217; d\u00e9marre alors, pour atteindre une transe hypnotique.<\/p>\n\n\n\n<p class=\"has-medium-font-size\">Le travail se fait, le changement intervient, au rythme que vous aurez d\u00e9cid\u00e9. C&#8217;est vous, de l&#8217;int\u00e9rieur, qui effectuez le travail. Je vous accompagne lors de cette transformation.<\/p>\n\n\n\n<p class=\"has-medium-font-size\">Vous revenez \u00e0 un \u00e9tat de veille normal, vous souvenant (sauf rares cas) de ce qui a \u00e9t\u00e9 dit lors de la s\u00e9ance.<\/p>\n\n\n\n<p class=\"has-medium-font-size\">La s\u00e9ance se termine par un court d\u00e9briefing.<\/p>\n\n\n\n<p class=\"has-medium-font-size\">L&#8217;hypnose ne se substitue pas \u00e0 un suivi m\u00e9dical, seul votre m\u00e9decin peut d\u00e9cider de l&#8217;arr\u00eat ou non d&#8217;un traitement.<\/p>\n\n\n\n<p class=\"has-medium-font-size\">Une s\u00e9ance dure entre 45 minutes et 1h15.<\/p>\n\n\n\n<p class=\"has-medium-font-size\"><em>&#8216;Si vous continuez \u00e0 faire ce que vous avez toujours fait, vous obtiendrez encore ce que vous avez toujours obtenu&#8217;<\/em><\/p>\n\n\n\n<p class=\"has-text-align-right\">John Maxwell<\/p>\n\n\n\n<p class=\"has-text-align-center has-white-color has-vivid-cyan-blue-background-color has-text-color has-background has-link-color has-large-font-size wp-elements-5ab944922078714d492c86d135f42448\"><strong><a href=\"https:\/\/evolutionhypnose.com\/wordpress\/?page_id=82\" data-type=\"link\" data-id=\"https:\/\/evolutionhypnose.com\/wordpress\/?page_id=82\">Prenez rendez-vous<\/a><\/strong><\/p>\n\n\n\n<h1 class=\"wp-block-heading\">NOMBRE DE S\u00c9ANCES N\u00c9CESSAIRES<\/h1>\n\n\n\n<p class=\"has-medium-font-size\"><strong>Combien de s\u00e9ances faut-il ?<\/strong><\/p>\n\n\n\n<p class=\"has-medium-font-size\">C&#8217;est vous qui fa\u00eetes le travail, tout d\u00e9pend donc de votre engagement, de votre volont\u00e9 de changer et de la vitesse de changement que vous choisirez.<\/p>\n\n\n\n<p class=\"has-medium-font-size\">Comptez entre 2 et 6 s\u00e9ances. <\/p>\n\n\n\n<p class=\"has-medium-font-size\">Certains sympt\u00f4mes se r\u00e8glent en une seule s\u00e9ance et pour d&#8217;autres, plus de 6 s\u00e9ances seront n\u00e9cessaires.<\/p>\n\n\n\n<p class=\"has-medium-font-size\">Cependant l&#8217;hypnose fait partie des th\u00e9rapies &#8216;br\u00e8ves&#8217; et les changements sont rapides. Peu importe le nombre de s\u00e9ances, des changements se mettent en place d\u00e8s la premi\u00e8re, selon ce que vous \u00eates pr\u00eats \u00e0 vivre !<\/p>\n\n\n\n<p class=\"has-text-align-center has-white-color has-vivid-cyan-blue-background-color has-text-color has-background has-link-color has-large-font-size wp-elements-5ab944922078714d492c86d135f42448\"><strong><a href=\"https:\/\/evolutionhypnose.com\/wordpress\/?page_id=82\" data-type=\"link\" data-id=\"https:\/\/evolutionhypnose.com\/wordpress\/?page_id=82\">Prenez rendez-vous<\/a><\/strong><\/p>\n","protected":false},"excerpt":{"rendered":"<p>PR\u00c9PARER VOTRE S\u00c9ANCE Comment pr\u00e9parer sa s\u00e9ance&nbsp;? Il faut tout d&#8217;abord \u00eatre pr\u00eat \u00e0 vivre une exp\u00e9rience unique&nbsp;! En effet, oubliez tout ce que vous savez ou pensez savoir sur&#8230;<\/p>\n","protected":false},"author":2,"featured_media":0,"parent":0,"menu_order":0,"comment_status":"closed","ping_status":"closed","template":"","meta":{"footnotes":""},"class_list":["post-84","page","type-page","status-publish","hentry"],"_links":{"self":[{"href":"https:\/\/evolutionhypnose.com\/wordpress\/index.php?rest_route=\/wp\/v2\/pages\/84","targetHints":{"allow":["GET"]}}],"collection":[{"href":"https:\/\/evolutionhypnose.com\/wordpress\/index.php?rest_route=\/wp\/v2\/pages"}],"about":[{"href":"https:\/\/evolutionhypnose.com\/wordpress\/index.php?rest_route=\/wp\/v2\/types\/page"}],"author":[{"embeddable":true,"href":"https:\/\/evolutionhypnose.com\/wordpress\/index.php?rest_route=\/wp\/v2\/users\/2"}],"replies":[{"embeddable":true,"href":"https:\/\/evolutionhypnose.com\/wordpress\/index.php?rest_route=%2Fwp%2Fv2%2Fcomments&post=84"}],"version-history":[{"count":6,"href":"https:\/\/evolutionhypnose.com\/wordpress\/index.php?rest_route=\/wp\/v2\/pages\/84\/revisions"}],"predecessor-version":[{"id":468,"href":"https:\/\/evolutionhypnose.com\/wordpress\/index.php?rest_route=\/wp\/v2\/pages\/84\/revisions\/468"}],"wp:attachment":[{"href":"https:\/\/evolutionhypnose.com\/wordpress\/index.php?rest_route=%2Fwp%2Fv2%2Fmedia&parent=84"}],"curies":[{"name":"wp","href":"https:\/\/api.w.org\/{rel}","templated":true}]}}