{"id":88,"date":"2020-03-16T18:26:11","date_gmt":"2020-03-16T18:26:11","guid":{"rendered":"http:\/\/evolutionhypnose.com\/wordpress\/?page_id=88"},"modified":"2026-03-25T15:22:30","modified_gmt":"2026-03-25T15:22:30","slug":"faq","status":"publish","type":"page","link":"https:\/\/evolutionhypnose.com\/wordpress\/?page_id=88","title":{"rendered":"FAQ"},"content":{"rendered":"\n<p class=\"has-medium-font-size\"><strong>Est-ce que je dors pendant une s\u00e9ance d&#8217;hypnose&nbsp;?<\/strong><\/p>\n\n\n\n<ul class=\"wp-block-list\">\n<li>Non, le corps est au repos, le cerveau est en plein travail.<\/li>\n<\/ul>\n\n\n\n<p class=\"has-medium-font-size\"><strong>Mais alors je me souviens de tout&nbsp;?<\/strong><\/p>\n\n\n\n<ul class=\"wp-block-list\">\n<li>Bien s\u00fbr, votre conscient est pr\u00e9sent pendant la s\u00e9ance. Il arrive que, parfois, certaines parties soient amn\u00e9si\u00e9es&#8230; un peu comme quand on oublie un r\u00eave au r\u00e9veil. Mais c&#8217;est votre inconscient qui reste aux commandes.<\/li>\n<\/ul>\n\n\n\n<p class=\"has-medium-font-size\"><strong>Je peux donc r\u00e9agir si une suggestion ne me pla\u00eet pas&nbsp;?<\/strong><\/p>\n\n\n\n<ul class=\"wp-block-list\">\n<li>Vous pouvez revenir \u00e0 un \u00e9tat d&#8217;\u00e9veil normal si vous en ressentez le besoin.<\/li>\n<\/ul>\n\n\n\n<p class=\"has-medium-font-size\"><strong>Donc, c&#8217;est moi qui ai le contr\u00f4le, pas le th\u00e9rapeute&nbsp;?<\/strong><\/p>\n\n\n\n<ul class=\"wp-block-list\">\n<li>Le th\u00e9rapeute est l\u00e0 pour vous guider. C&#8217;est vous qui entrez en \u00e9tat hypnotique et c&#8217;est vous qui trouvez les solutions qui vous conviennent.<\/li>\n<\/ul>\n\n\n\n<p class=\"has-medium-font-size\"><strong>C&#8217;est donc moi qui fais tout le travail&nbsp;?<\/strong><\/p>\n\n\n\n<ul class=\"wp-block-list\">\n<li>Le th\u00e9rapeute vous guide et vous propose des protocoles adapt\u00e9s \u00e0 votre sympt\u00f4me, et c&#8217;est en effet vous qui travaillez et choisissez ce que vous souhaitez changer. Le th\u00e9rapeute est l\u00e0 pour vous aider et vous soutenir, vous rassurer si besoin.<\/li>\n<\/ul>\n\n\n\n<p class=\"has-medium-font-size\"><strong>Et si je n&#8217;y arrive pas&nbsp;? Si je ne suis pas hypnotisable&nbsp;?<\/strong><\/p>\n\n\n\n<ul class=\"wp-block-list\">\n<li>Nous connaissons tous des \u00e9tats hypnotiques, et plusieurs fois dans la journ\u00e9e&nbsp;! Vous saurez tr\u00e8s bien faire, le th\u00e9rapeute vous aidera \u00e0 trouver la porte qui vous y m\u00e8nera&nbsp;!<\/li>\n<\/ul>\n\n\n\n<p class=\"has-medium-font-size\"><strong>Et si je reste coinc\u00e9&nbsp;?<\/strong><\/p>\n\n\n\n<ul class=\"wp-block-list\">\n<li>En plus de 6000 ans d&#8217;hypnose, ce n&#8217;est jamais arriv\u00e9. Par contre, c&#8217;est tellement agr\u00e9able que vous pourriez y prendre go\u00fbt&nbsp;!<\/li>\n<\/ul>\n\n\n\n<p class=\"has-medium-font-size\"><strong>Et si c&#8217;est le cas&nbsp;?<\/strong><\/p>\n\n\n\n<ul class=\"wp-block-list\">\n<li>Alors vous pourrez ais\u00e9ment apprendre l&#8217;auto-hypnose.<\/li>\n<\/ul>\n\n\n\n<p class=\"has-medium-font-size\"><strong>Le cabinet est-il ouvert pendant les vacances ?<\/strong><\/p>\n\n\n\n<ul class=\"wp-block-list\">\n<li>Oui, je reste disponible sur certains cr\u00e9neaux, contactez-moi pour plus d&#8217;informations !<\/li>\n<\/ul>\n\n\n\n<p><strong>Je ne trouve pas de cr\u00e9neau qui me convient sur les pages jaunes, que puis-je faire ?<\/strong><\/p>\n\n\n\n<ul class=\"wp-block-list\">\n<li>Toutes mes disponibilit\u00e9s ne sont pas toujours visibles sur le site des pages jaunes. Vous pouvez m&#8217;appeler ou m&#8217;envoyer un SMS ou un mail et nous arrangerons une s\u00e9ances \u00e0 un horaire qui vous convient.<\/li>\n<\/ul>\n\n\n\n<p class=\"has-medium-font-size\">Vous avez une question ? Contactez-moi, j&#8217;y r\u00e9pondrai avec plaisir !<\/p>\n\n\n\n<p class=\"has-text-align-center has-white-color has-vivid-cyan-blue-background-color has-text-color has-background has-link-color has-large-font-size wp-elements-34c5adf0177c8f7dbe73ffc34301d38c\"><a href=\"https:\/\/evolutionhypnose.com\/wordpress\/?page_id=82\" data-type=\"link\" data-id=\"https:\/\/evolutionhypnose.com\/wordpress\/?page_id=82\" target=\"_blank\" rel=\"noreferrer noopener\"><strong>Prenez rendez-vous<\/strong>\/ Posez votre question<\/a><\/p>\n\n\n\n<p><\/p>\n","protected":false},"excerpt":{"rendered":"<p>Est-ce que je dors pendant une s\u00e9ance d&#8217;hypnose&nbsp;? Mais alors je me souviens de tout&nbsp;? Je peux donc r\u00e9agir si une suggestion ne me pla\u00eet pas&nbsp;? Donc, c&#8217;est moi qui&#8230;<\/p>\n","protected":false},"author":2,"featured_media":0,"parent":0,"menu_order":0,"comment_status":"closed","ping_status":"closed","template":"","meta":{"footnotes":""},"class_list":["post-88","page","type-page","status-publish","hentry"],"_links":{"self":[{"href":"https:\/\/evolutionhypnose.com\/wordpress\/index.php?rest_route=\/wp\/v2\/pages\/88","targetHints":{"allow":["GET"]}}],"collection":[{"href":"https:\/\/evolutionhypnose.com\/wordpress\/index.php?rest_route=\/wp\/v2\/pages"}],"about":[{"href":"https:\/\/evolutionhypnose.com\/wordpress\/index.php?rest_route=\/wp\/v2\/types\/page"}],"author":[{"embeddable":true,"href":"https:\/\/evolutionhypnose.com\/wordpress\/index.php?rest_route=\/wp\/v2\/users\/2"}],"replies":[{"embeddable":true,"href":"https:\/\/evolutionhypnose.com\/wordpress\/index.php?rest_route=%2Fwp%2Fv2%2Fcomments&post=88"}],"version-history":[{"count":5,"href":"https:\/\/evolutionhypnose.com\/wordpress\/index.php?rest_route=\/wp\/v2\/pages\/88\/revisions"}],"predecessor-version":[{"id":457,"href":"https:\/\/evolutionhypnose.com\/wordpress\/index.php?rest_route=\/wp\/v2\/pages\/88\/revisions\/457"}],"wp:attachment":[{"href":"https:\/\/evolutionhypnose.com\/wordpress\/index.php?rest_route=%2Fwp%2Fv2%2Fmedia&parent=88"}],"curies":[{"name":"wp","href":"https:\/\/api.w.org\/{rel}","templated":true}]}}